{"id":17308,"date":"2025-08-30T19:04:38","date_gmt":"2025-08-30T17:04:38","guid":{"rendered":"https:\/\/hercegovina.edu.ba\/hr\/?page_id=17308"},"modified":"2025-11-26T20:14:19","modified_gmt":"2025-11-26T19:14:19","slug":"tijela-sveucilista","status":"publish","type":"page","link":"https:\/\/hercegovina.edu.ba\/hr\/tijela-sveucilista\/","title":{"rendered":"Tijela Sveu\u010dili\u0161ta"},"content":{"rendered":"\n<p><strong>REKTOR<\/strong><\/p>\n\n\n\n<p><strong>Rektor<\/strong> upravlja Sveu\u010dili\u0161tem, predstavlja i zastupa Sveu\u010dili\u0161te te je njegov \u010delnik i voditelj.<br>Rektor ujedinjuje stru\u010dnu i poslovodnu funkciju Sveu\u010dili\u0161ta, potpisuje sve odluke i druge akte Senata, ugovore<br>izme\u0111u Sveu\u010dili\u0161ta i tre\u0107ih osoba, i sve dokumente u kojima se navodi odgovorna osoba Sveu\u010dili\u0161ta..<br>Rektor predsjeda Senatu, priprema, saziva i vodi sjednice Senata te osigurava provedbu njegovih odluka i zaklju\u010daka.<br>Djelokrug rada, prava i obveze rektora te na\u010din izbora i trajanje mandata propisani su Zakonom i Statutom<br>Sveu\u010dili\u0161ta.<\/p>\n\n\n\n<p>Rektor Sveu\u010dili\u0161ta Hercegovina &#8211; <strong>dr. sc. Ivica Radovanovi\u0107<\/strong><\/p>\n\n\n\n<p><strong>SENAT<\/strong><\/p>\n\n\n\n<p>\u010clanovi Senata:<\/p>\n\n\n\n<ol class=\"wp-block-list\">\n<li><strong>dr. sc. Ivica Radovanovi\u0107, redoviti profesor,&nbsp; rektor,<\/strong><\/li>\n\n\n\n<li><strong>dr. sc. Dragan Kolev, redoviti profesor, <\/strong><\/li>\n\n\n\n<li><strong>dr. sc. Edin Mujkanovi\u0107, izvanredni profesor, prorektor za znanost, <\/strong><\/li>\n\n\n\n<li><strong>dr. sc. Nata\u0161a \u0160anti\u0107, docentica,\u00a0 dekanica FDZMB,<\/strong><\/li>\n\n\n\n<li><strong>dr. sc. Martina Primorac, docentica, dekanica FMOD,<\/strong><\/li>\n\n\n\n<li><strong>dr. sc. Milenko Kunda\u010dina, profesor emeritus, u ime nastavnika FDZMB<\/strong><\/li>\n\n\n\n<li><strong>dr. sc. Jelena Brki\u0107 \u0160migoc, docentica,<\/strong><\/li>\n\n\n\n<li><strong>dr.sc. Radenko Udovi\u010di\u0107, izvanredni profesor,<\/strong><\/li>\n\n\n\n<li><strong>dr.sc. Mirza \u010cau\u0161evi\u0107,docent<\/strong><\/li>\n\n\n\n<li><strong>Martin Ivankovi\u0107, mag., vi\u0161i asistent,<\/strong><\/li>\n\n\n\n<li><strong>Ivana Pavlovi\u0107, mag., u ime suradnika FMOD,<\/strong><\/li>\n\n\n\n<li><strong>Marija Ni\u017ei\u0107, u ime Rektorata i Zajedni\u010dkih slu\u017ebi,<\/strong><\/li>\n\n\n\n<li><strong>Josipa Vitli\u0107, mag., predstavnica studenata III. ciklusa FDZMB.<\/strong><\/li>\n\n\n\n<li><strong>Indira Alendar, predstavnica studenata II. ciklusa FDZMB<\/strong><\/li>\n\n\n\n<li><strong>Roberto Uroi\u0107 Ton\u010dina, u ime studenata FMOD<\/strong><\/li>\n<\/ol>\n\n\n\n<p><\/p>\n\n\n\n<p><strong>UPRAVNO VIJE\u0106E<\/strong><\/p>\n\n\n\n<p><strong>Statut Sveu\u010dili\u0161ta o Upravnom vije\u0107u navodi sljede\u0107e:<\/strong><\/p>\n\n\n\n<ul class=\"wp-block-list\">\n<li>Upravno vije\u0107e je najvi\u0161e tijelo upravljanja Sveu\u010dili\u0161ta.<\/li>\n<\/ul>\n\n\n\n<ul class=\"wp-block-list\">\n<li>Upravno vije\u0107e obavlja poslove utvr\u0111ene Zakonom, osniva\u010dkim aktom i ovim Statutom, a naro\u010dito:<br>a) daje prethodnu suglasnost na Statut Sveu\u010dili\u0161ta;<br>b) donosi Pravilnik o ustroju i sistematizaciji radnih mjesta na prijedlog Rektora, uz prethodno pribavljeno mi\u0161ljenje Senata;<br>c) utvr\u0111uje planove financiranja i razvoja;<br>d) donosi godi\u0161nji program rada Sveu\u010dili\u0161ta na prijedlog Senata Sveu\u010dili\u0161ta;<br>e) donosi financijski plan i usvaja godi\u0161nji obra\u010dun;<br>f) usmjerava, kontrolira i ocjenjuje rad Rektora i dekana u domenu financijskog poslovanja;<br>g) odlu\u010duje o kori\u0161tenju sredstava sukladno statutu;<br>h) odgovara osniva\u010du za financijske rezultate rada Sveu\u010dili\u0161ta;<br>i) podnosi osniva\u010du izvje\u0161\u0107e o poslovanju Sveu\u010dili\u0161ta najmanje jednom godi\u0161nje;<br>j) donosi odluku o osnivanju i prestanku rada ustrojbenih jedinica na prijedlog Senata;<br>k) donosi odluku o osnivanju, ukidanju i statusnim promjenama, sukladno zakonu i statutu;<br>l) donosi i druge op\u0107e akte sukladno zakonu i statutu Sveu\u010dili\u0161ta;<br>m) odlu\u010duje o prigovorima zaposlenika na odluke tijela Sveu\u010dili\u0161ta koja su u prvom stupnju odlu\u010divala o pravima, obvezama i odgovornostima zaposlenika iz radnog odnosa i<br>n) obavlja i druge poslove sukladno zakonu i statutu.<br>(2) Upravno vije\u0107e donosi odluke ve\u0107inom glasova ukupnog broja \u010dlanova Upravnog vije\u0107a a samo kada odlu\u010duje o prestanku rada Sveu\u010dili\u0161ta ili prestanku rada ustrojbene jedinice iznimno Upravno vije\u0107e donosi odluke \u00be ve\u0107inom.<\/li>\n\n\n\n<li>Upravno vije\u0107e Sveu\u010dili\u0161ta ima sedam (7) \u010dlanova.<br>\u010clanovi upravnog vije\u0107a su:<br><br><\/li>\n<\/ul>\n\n\n\n<p><strong>\u010clanovi Upravnog vije\u0107a Sveu\u010dili\u0161ta Hercegovina su:<\/strong><\/p>\n\n\n\n<ol class=\"wp-block-list\">\n<li><strong>Ivica \u0160migoc<\/strong>, predsjednik<\/li>\n\n\n\n<li><strong>prof. Ivona Brki\u0107<\/strong>, predstavnica osniva\u010da<\/li>\n\n\n\n<li><strong>Ana-Marija Bari\u0161i\u0107,bacc.<\/strong> predstavnica Senata<\/li>\n\n\n\n<li><strong>Mi\u0161o Bari\u0161i\u0107,<\/strong> predstavnik osniva\u010da<\/li>\n\n\n\n<li><strong>Marko Brki\u0107,<\/strong> predstavnik osniva\u010da<\/li>\n\n\n\n<li><strong>Dragana Jerkovi\u0107, dipl. iur<\/strong>., predstavnica Senata<\/li>\n\n\n\n<li><strong>dr. sc. Drago Martinovi\u0107<\/strong>, predstavnik Senata<\/li>\n<\/ol>\n\n\n\n<p><\/p>\n","protected":false},"excerpt":{"rendered":"<p>REKTOR Rektor upravlja Sveu\u010dili\u0161tem, predstavlja i zastupa Sveu\u010dili\u0161te te je njegov \u010delnik i voditelj.Rektor ujedinjuje stru\u010dnu i poslovodnu funkciju Sveu\u010dili\u0161ta, potpisuje sve odluke i druge akte Senata, ugovoreizme\u0111u Sveu\u010dili\u0161ta i tre\u0107ih osoba, i sve dokumente u kojima se navodi odgovorna &hellip; <\/p>\n","protected":false},"author":1,"featured_media":0,"parent":0,"menu_order":0,"comment_status":"closed","ping_status":"closed","template":"","meta":{"footnotes":""},"class_list":["post-17308","page","type-page","status-publish","hentry"],"yoast_head":"<!-- This site is optimized with the Yoast SEO plugin v27.3 - https:\/\/yoast.com\/product\/yoast-seo-wordpress\/ -->\n<title>Tijela Sveu\u010dili\u0161ta - Sveu\u010dili\u0161te Hercegovina<\/title>\n<meta name=\"description\" content=\"Tijela Sveu\u010dili\u0161ta: Rektor, Senat i Upravno vije\u0107e\" \/>\n<meta name=\"robots\" content=\"index, follow, max-snippet:-1, max-image-preview:large, max-video-preview:-1\" \/>\n<link rel=\"canonical\" href=\"https:\/\/hercegovina.edu.ba\/hr\/tijela-sveucilista\/\" \/>\n<meta property=\"og:locale\" content=\"hr_HR\" \/>\n<meta property=\"og:type\" content=\"article\" \/>\n<meta property=\"og:title\" content=\"Tijela Sveu\u010dili\u0161ta - Sveu\u010dili\u0161te Hercegovina\" \/>\n<meta property=\"og:description\" content=\"Tijela Sveu\u010dili\u0161ta: Rektor, Senat i Upravno vije\u0107e\" \/>\n<meta property=\"og:url\" content=\"https:\/\/hercegovina.edu.ba\/hr\/tijela-sveucilista\/\" \/>\n<meta property=\"og:site_name\" content=\"Sveu\u010dili\u0161te Hercegovina\" \/>\n<meta property=\"article:modified_time\" content=\"2025-11-26T19:14:19+00:00\" \/>\n<meta name=\"twitter:card\" content=\"summary_large_image\" \/>\n<meta name=\"twitter:label1\" content=\"Procijenjeno vrijeme \u010ditanja\" \/>\n\t<meta name=\"twitter:data1\" content=\"3 minute\" \/>\n<script type=\"application\/ld+json\" class=\"yoast-schema-graph\">{\"@context\":\"https:\\\/\\\/schema.org\",\"@graph\":[{\"@type\":\"WebPage\",\"@id\":\"https:\\\/\\\/hercegovina.edu.ba\\\/hr\\\/tijela-sveucilista\\\/\",\"url\":\"https:\\\/\\\/hercegovina.edu.ba\\\/hr\\\/tijela-sveucilista\\\/\",\"name\":\"Tijela Sveu\u010dili\u0161ta - Sveu\u010dili\u0161te Hercegovina\",\"isPartOf\":{\"@id\":\"https:\\\/\\\/hercegovina.edu.ba\\\/hr\\\/#website\"},\"datePublished\":\"2025-08-30T17:04:38+00:00\",\"dateModified\":\"2025-11-26T19:14:19+00:00\",\"description\":\"Tijela Sveu\u010dili\u0161ta: Rektor, Senat i Upravno vije\u0107e\",\"breadcrumb\":{\"@id\":\"https:\\\/\\\/hercegovina.edu.ba\\\/hr\\\/tijela-sveucilista\\\/#breadcrumb\"},\"inLanguage\":\"hr\",\"potentialAction\":[{\"@type\":\"ReadAction\",\"target\":[\"https:\\\/\\\/hercegovina.edu.ba\\\/hr\\\/tijela-sveucilista\\\/\"]}]},{\"@type\":\"BreadcrumbList\",\"@id\":\"https:\\\/\\\/hercegovina.edu.ba\\\/hr\\\/tijela-sveucilista\\\/#breadcrumb\",\"itemListElement\":[{\"@type\":\"ListItem\",\"position\":1,\"name\":\"Po\u010detna stranica\",\"item\":\"https:\\\/\\\/hercegovina.edu.ba\\\/hr\\\/\"},{\"@type\":\"ListItem\",\"position\":2,\"name\":\"Tijela Sveu\u010dili\u0161ta\"}]},{\"@type\":\"WebSite\",\"@id\":\"https:\\\/\\\/hercegovina.edu.ba\\\/hr\\\/#website\",\"url\":\"https:\\\/\\\/hercegovina.edu.ba\\\/hr\\\/\",\"name\":\"Sveu\u010dili\u0161te Hercegovina\",\"description\":\"Obrazovanje\",\"publisher\":{\"@id\":\"https:\\\/\\\/hercegovina.edu.ba\\\/hr\\\/#organization\"},\"potentialAction\":[{\"@type\":\"SearchAction\",\"target\":{\"@type\":\"EntryPoint\",\"urlTemplate\":\"https:\\\/\\\/hercegovina.edu.ba\\\/hr\\\/?s={search_term_string}\"},\"query-input\":{\"@type\":\"PropertyValueSpecification\",\"valueRequired\":true,\"valueName\":\"search_term_string\"}}],\"inLanguage\":\"hr\"},{\"@type\":\"Organization\",\"@id\":\"https:\\\/\\\/hercegovina.edu.ba\\\/hr\\\/#organization\",\"name\":\"Sveu\u010dili\u0161te Hercegovina\",\"url\":\"https:\\\/\\\/hercegovina.edu.ba\\\/hr\\\/\",\"logo\":{\"@type\":\"ImageObject\",\"inLanguage\":\"hr\",\"@id\":\"https:\\\/\\\/hercegovina.edu.ba\\\/hr\\\/#\\\/schema\\\/logo\\\/image\\\/\",\"url\":\"https:\\\/\\\/hercegovina.edu.ba\\\/hr\\\/wp-content\\\/uploads\\\/2025\\\/03\\\/1sveherc.png\",\"contentUrl\":\"https:\\\/\\\/hercegovina.edu.ba\\\/hr\\\/wp-content\\\/uploads\\\/2025\\\/03\\\/1sveherc.png\",\"width\":300,\"height\":100,\"caption\":\"Sveu\u010dili\u0161te Hercegovina\"},\"image\":{\"@id\":\"https:\\\/\\\/hercegovina.edu.ba\\\/hr\\\/#\\\/schema\\\/logo\\\/image\\\/\"}}]}<\/script>\n<!-- \/ Yoast SEO plugin. -->","yoast_head_json":{"title":"Tijela Sveu\u010dili\u0161ta - Sveu\u010dili\u0161te Hercegovina","description":"Tijela Sveu\u010dili\u0161ta: Rektor, Senat i Upravno vije\u0107e","robots":{"index":"index","follow":"follow","max-snippet":"max-snippet:-1","max-image-preview":"max-image-preview:large","max-video-preview":"max-video-preview:-1"},"canonical":"https:\/\/hercegovina.edu.ba\/hr\/tijela-sveucilista\/","og_locale":"hr_HR","og_type":"article","og_title":"Tijela Sveu\u010dili\u0161ta - Sveu\u010dili\u0161te Hercegovina","og_description":"Tijela Sveu\u010dili\u0161ta: Rektor, Senat i Upravno vije\u0107e","og_url":"https:\/\/hercegovina.edu.ba\/hr\/tijela-sveucilista\/","og_site_name":"Sveu\u010dili\u0161te Hercegovina","article_modified_time":"2025-11-26T19:14:19+00:00","twitter_card":"summary_large_image","twitter_misc":{"Procijenjeno vrijeme \u010ditanja":"3 minute"},"schema":{"@context":"https:\/\/schema.org","@graph":[{"@type":"WebPage","@id":"https:\/\/hercegovina.edu.ba\/hr\/tijela-sveucilista\/","url":"https:\/\/hercegovina.edu.ba\/hr\/tijela-sveucilista\/","name":"Tijela Sveu\u010dili\u0161ta - Sveu\u010dili\u0161te Hercegovina","isPartOf":{"@id":"https:\/\/hercegovina.edu.ba\/hr\/#website"},"datePublished":"2025-08-30T17:04:38+00:00","dateModified":"2025-11-26T19:14:19+00:00","description":"Tijela Sveu\u010dili\u0161ta: Rektor, Senat i Upravno vije\u0107e","breadcrumb":{"@id":"https:\/\/hercegovina.edu.ba\/hr\/tijela-sveucilista\/#breadcrumb"},"inLanguage":"hr","potentialAction":[{"@type":"ReadAction","target":["https:\/\/hercegovina.edu.ba\/hr\/tijela-sveucilista\/"]}]},{"@type":"BreadcrumbList","@id":"https:\/\/hercegovina.edu.ba\/hr\/tijela-sveucilista\/#breadcrumb","itemListElement":[{"@type":"ListItem","position":1,"name":"Po\u010detna stranica","item":"https:\/\/hercegovina.edu.ba\/hr\/"},{"@type":"ListItem","position":2,"name":"Tijela Sveu\u010dili\u0161ta"}]},{"@type":"WebSite","@id":"https:\/\/hercegovina.edu.ba\/hr\/#website","url":"https:\/\/hercegovina.edu.ba\/hr\/","name":"Sveu\u010dili\u0161te Hercegovina","description":"Obrazovanje","publisher":{"@id":"https:\/\/hercegovina.edu.ba\/hr\/#organization"},"potentialAction":[{"@type":"SearchAction","target":{"@type":"EntryPoint","urlTemplate":"https:\/\/hercegovina.edu.ba\/hr\/?s={search_term_string}"},"query-input":{"@type":"PropertyValueSpecification","valueRequired":true,"valueName":"search_term_string"}}],"inLanguage":"hr"},{"@type":"Organization","@id":"https:\/\/hercegovina.edu.ba\/hr\/#organization","name":"Sveu\u010dili\u0161te Hercegovina","url":"https:\/\/hercegovina.edu.ba\/hr\/","logo":{"@type":"ImageObject","inLanguage":"hr","@id":"https:\/\/hercegovina.edu.ba\/hr\/#\/schema\/logo\/image\/","url":"https:\/\/hercegovina.edu.ba\/hr\/wp-content\/uploads\/2025\/03\/1sveherc.png","contentUrl":"https:\/\/hercegovina.edu.ba\/hr\/wp-content\/uploads\/2025\/03\/1sveherc.png","width":300,"height":100,"caption":"Sveu\u010dili\u0161te Hercegovina"},"image":{"@id":"https:\/\/hercegovina.edu.ba\/hr\/#\/schema\/logo\/image\/"}}]}},"jetpack_sharing_enabled":true,"_links":{"self":[{"href":"https:\/\/hercegovina.edu.ba\/hr\/wp-json\/wp\/v2\/pages\/17308","targetHints":{"allow":["GET"]}}],"collection":[{"href":"https:\/\/hercegovina.edu.ba\/hr\/wp-json\/wp\/v2\/pages"}],"about":[{"href":"https:\/\/hercegovina.edu.ba\/hr\/wp-json\/wp\/v2\/types\/page"}],"author":[{"embeddable":true,"href":"https:\/\/hercegovina.edu.ba\/hr\/wp-json\/wp\/v2\/users\/1"}],"replies":[{"embeddable":true,"href":"https:\/\/hercegovina.edu.ba\/hr\/wp-json\/wp\/v2\/comments?post=17308"}],"version-history":[{"count":2,"href":"https:\/\/hercegovina.edu.ba\/hr\/wp-json\/wp\/v2\/pages\/17308\/revisions"}],"predecessor-version":[{"id":17615,"href":"https:\/\/hercegovina.edu.ba\/hr\/wp-json\/wp\/v2\/pages\/17308\/revisions\/17615"}],"wp:attachment":[{"href":"https:\/\/hercegovina.edu.ba\/hr\/wp-json\/wp\/v2\/media?parent=17308"}],"curies":[{"name":"wp","href":"https:\/\/api.w.org\/{rel}","templated":true}]}}