{"id":17230,"date":"2025-08-24T20:53:35","date_gmt":"2025-08-24T18:53:35","guid":{"rendered":"https:\/\/hercegovina.edu.ba\/hr\/?page_id=17230"},"modified":"2025-08-24T21:26:17","modified_gmt":"2025-08-24T19:26:17","slug":"unigem-o-projektu","status":"publish","type":"page","link":"https:\/\/hercegovina.edu.ba\/hr\/unigem-o-projektu\/","title":{"rendered":"UNIGEM &#8211; O projektu"},"content":{"rendered":"\t\t<div data-elementor-type=\"wp-page\" data-elementor-id=\"17230\" class=\"elementor elementor-17230\">\n\t\t\t\t<div class=\"elementor-element elementor-element-b12146c e-flex e-con-boxed e-con e-parent\" data-id=\"b12146c\" data-element_type=\"container\">\n\t\t\t\t\t<div class=\"e-con-inner\">\n\t\t\t\t<div class=\"elementor-element elementor-element-8abb869 elementor-widget thim-ekits-heading elementor-widget-thim-heading\" data-id=\"8abb869\" data-element_type=\"widget\" data-widget_type=\"thim-heading.default\">\n\t\t\t\t<div class=\"elementor-widget-container\">\n\t\t\t\t\t<div class=\"sc_heading\"><h3 class=\"title\">\u201eUvo\u0111enje rodno osvije\u0161tenih politika u visoko obrazovanje\u201c (UNIGEM) <\/h3><span class=\"line\"><\/span><\/div>\t\t\t\t<\/div>\n\t\t\t\t<\/div>\n\t\t<div class=\"elementor-element elementor-element-026c7ff e-con-full e-flex e-con e-child\" data-id=\"026c7ff\" data-element_type=\"container\">\n\t\t\t\t<div class=\"elementor-element elementor-element-fb83e4e elementor-widget elementor-widget-text-editor\" data-id=\"fb83e4e\" data-element_type=\"widget\" data-widget_type=\"text-editor.default\">\n\t\t\t\t\t\t\t\t\t<p>Projekt UNIGEM predstavlja strate\u0161ku opredijeljenost sveu\u010dili\u0161ta da uvo\u0111enjem rodne perspektive osiguraju rodnu ravnopravnost i sigurno okru\u017eenje za nastavnice i nastavnike, studentice i studente na sveu\u010dili\u0161tima u Bosni i Hercegovini i regiji.\u00a0 \u00a0Projekt financijski podupire Vlada Ujedinjenog Kraljevstva i Sjeverne Irske, a njegovu implementaciju vr\u0161i TPO fondacija iz Sarajeva u suradnji sa 19 sveu\u010dili\u0161ta iz Bosne i Hercegovine, Hrvatske,<br \/>Srbije i Crne Gore. Cilj projekta je prevencija i borba protiv rodno utemeljenog nasilja, diskriminacije i seksualnog uznemiravanja te osiguranje integriteta i kvaliteta u visokom obrazovanju.<\/p>\n<p>Realizacija projektnih ciljeva u trajanju od \u010detri godine (2021-2025) predvidjela je sveobuhvatno istra\u017eivanje o stanju rodne ravnopravnosti na sveu\u010dili\u0161tima prije te nakon implementacije ovog projekta. Publikaciju u kojoj je prezentirano stanje na sveu\u010dili\u0161tima prije implementacije<br \/>UNIGEM-a mo\u017eete preuzeti <a href=\"http:\/\/www.tpo.ba\/b\/dokument\/Izazovi%20integriranja%20rodne%20ravnopravnosti%20-%20bosanska%20verzija.pdf\" target=\"_blank\" rel=\"noopener\">ovdje<\/a>, dok publikaciju sa rezultatima projekta mo\u017eete preuzeti <a href=\"http:\/\/tpo.ba\/b\/dokument\/Echoes%20of%20Change%20(TPO%202025)%20web%20kor%2012-3-25.pdf\" target=\"_blank\" rel=\"noopener\">ovdje.<\/a><\/p>\n<p>UNIGEM je kroz \u010detiri godine rada donio zna\u010dajne promjene \u2013 sveu\u010dili\u0161ta u regiji usvojila su Gender akcijske planove, uspostavljeni su odbori i centri za rodnu ravnopravnost, razvijeni su novi kursevi i moduli, organizirane ljetne i zimske \u0161kole, a realizirano je preko 500 edukacija za studente\/ice, nastavno i administrativno osoblje. Objavljeno je vi\u0161e od 20 knjiga kao podr\u0161ka nastavnim procesima, a istra\u017eivanja provedena u okviru projekta doprinijela su boljem razumijevanju rodne ravnopravnosti u akademskom kontekstu.<\/p>\n<p>U okviru projekta UNIGEM na Sveu\u010dili\u0161tu Hercegovina uspostavljeno je posebno tijelo za borbu protiv rodno utemeljene diskriminacije \u2013 Ured za rodnu ravnopravnost \u010dija je voditeljica ujedno i koordinatorica projekta \u2013 doc. dr. sc. Martina Primorac.<\/p>\n<p>U sklopu UNIGEM projekta, Sveu\u010dili\u0161te Hercegovina organiziralo je na desetke edukativnih seminara, predavanja i promocija u cilju podizanja svijesti o va\u017enosti rodne ravnopravnosti, razbijanja stereotipa i pru\u017eanja platforme za otvorenu raspravu.<\/p>\n<p>Projekt je u kratkom roku ostvario zna\u010dajne rezultate. Studentice i studenti, administrativno i nastavno osoblje dobilo je priliku usavr\u0161avati se na brojnim seminarima, \u0161kolama, panel raspravama, radionicama. U cilju \u0161irenja svijesti, u nastavne planove uvedeno je pet novih kolegija o rodu.<\/p>\n<p>Jedan od brojnih dostignu\u0107a UNIGEM \u2013 a je <a href=\"https:\/\/hercegovina.edu.ba\/hr\/wp-content\/uploads\/2025\/04\/3.-Gender-Action-Plan.pdf\" target=\"_blank\" rel=\"noopener\">Plan rodne ravnopravnosti Sveu\u010dili\u0161ta Hercegovina<\/a>; strate\u0161ko-akcijski dokument koji osigurava mehanizme za postizanje institucijske kulture rodne ravnopravnosti i razli\u010ditosti, integraciju rodne perspektive u studijske programe i transfer znanja o rodnoj ravnopravnosti u zajednicu, za unaprje\u0111enje kvalitete \u017eivota i rada na Sveu\u010dili\u0161tu, ali i za osna\u017eivanje rodne ravnopravnosti u razvoju karijera \u2013 u znanstvenom i umjetni\u010dkom istra\u017eivanju. Gender akcijski plan postavio je temelje za dugoro\u010dne promjene, osiguravaju\u0107i da rodna ravnopravnost i formalno postane integralni dio sveu\u010dili\u0161ne politike i kulture.<\/p>\t\t\t\t\t\t\t\t<\/div>\n\t\t<div class=\"elementor-element elementor-element-91285b5 e-con-full e-flex e-con e-child\" data-id=\"91285b5\" data-element_type=\"container\">\n\t\t\t\t<div class=\"elementor-element elementor-element-80d0431 elementor-widget thim-widget-gallery-images\" data-id=\"80d0431\" data-element_type=\"widget\" data-widget_type=\"thim-gallery-images.default\">\n\t\t\t\t<div class=\"elementor-widget-container\">\n\t\t\t\t\t<div class=\"thim-carousel-wrapper gallery-img not_have_color\" data-visible=\"\" data-autoplay=\"1000\" data-navigation=\"0\" data-pagination=\"0\" data-loop=\"true\"><div class=\"item\"><img decoding=\"async\" width=\"150\" height=\"150\" src=\"https:\/\/hercegovina.edu.ba\/hr\/wp-content\/uploads\/foto-21-150x150.jpg\" class=\"attachment-thumbnail size-thumbnail\" alt=\"\" srcset=\"https:\/\/hercegovina.edu.ba\/hr\/wp-content\/uploads\/foto-21-150x150.jpg 150w, https:\/\/hercegovina.edu.ba\/hr\/wp-content\/uploads\/foto-21-300x300.jpg 300w, https:\/\/hercegovina.edu.ba\/hr\/wp-content\/uploads\/foto-21-100x100.jpg 100w\" sizes=\"(max-width: 150px) 100vw, 150px\" \/><\/div><div class=\"item\"><img decoding=\"async\" width=\"150\" height=\"150\" src=\"https:\/\/hercegovina.edu.ba\/hr\/wp-content\/uploads\/memorandum-o-suradnji-150x150.jpg\" class=\"attachment-thumbnail size-thumbnail\" alt=\"\" srcset=\"https:\/\/hercegovina.edu.ba\/hr\/wp-content\/uploads\/memorandum-o-suradnji-150x150.jpg 150w, https:\/\/hercegovina.edu.ba\/hr\/wp-content\/uploads\/memorandum-o-suradnji-300x300.jpg 300w, https:\/\/hercegovina.edu.ba\/hr\/wp-content\/uploads\/memorandum-o-suradnji-100x100.jpg 100w\" sizes=\"(max-width: 150px) 100vw, 150px\" \/><\/div><div class=\"item\"><img decoding=\"async\" width=\"150\" height=\"150\" src=\"https:\/\/hercegovina.edu.ba\/hr\/wp-content\/uploads\/memorandum-150x150.jpg\" class=\"attachment-thumbnail size-thumbnail\" alt=\"\" srcset=\"https:\/\/hercegovina.edu.ba\/hr\/wp-content\/uploads\/memorandum-150x150.jpg 150w, https:\/\/hercegovina.edu.ba\/hr\/wp-content\/uploads\/memorandum-300x300.jpg 300w, https:\/\/hercegovina.edu.ba\/hr\/wp-content\/uploads\/memorandum-100x100.jpg 100w\" sizes=\"(max-width: 150px) 100vw, 150px\" \/><\/div><div class=\"item\"><img loading=\"lazy\" decoding=\"async\" width=\"150\" height=\"150\" src=\"https:\/\/hercegovina.edu.ba\/hr\/wp-content\/uploads\/Zavrsni-dogadjaj-UNIGEM-103-150x150.jpg\" class=\"attachment-thumbnail size-thumbnail\" alt=\"\" srcset=\"https:\/\/hercegovina.edu.ba\/hr\/wp-content\/uploads\/Zavrsni-dogadjaj-UNIGEM-103-150x150.jpg 150w, https:\/\/hercegovina.edu.ba\/hr\/wp-content\/uploads\/Zavrsni-dogadjaj-UNIGEM-103-300x300.jpg 300w, https:\/\/hercegovina.edu.ba\/hr\/wp-content\/uploads\/Zavrsni-dogadjaj-UNIGEM-103-100x100.jpg 100w\" sizes=\"(max-width: 150px) 100vw, 150px\" \/><\/div><div class=\"item\"><img loading=\"lazy\" decoding=\"async\" width=\"150\" height=\"150\" src=\"https:\/\/hercegovina.edu.ba\/hr\/wp-content\/uploads\/Zavrsni-dogadjaj-UNIGEM-115-150x150.jpg\" class=\"attachment-thumbnail size-thumbnail\" alt=\"\" srcset=\"https:\/\/hercegovina.edu.ba\/hr\/wp-content\/uploads\/Zavrsni-dogadjaj-UNIGEM-115-150x150.jpg 150w, https:\/\/hercegovina.edu.ba\/hr\/wp-content\/uploads\/Zavrsni-dogadjaj-UNIGEM-115-300x300.jpg 300w, https:\/\/hercegovina.edu.ba\/hr\/wp-content\/uploads\/Zavrsni-dogadjaj-UNIGEM-115-100x100.jpg 100w\" sizes=\"(max-width: 150px) 100vw, 150px\" \/><\/div><div class=\"item\"><img loading=\"lazy\" decoding=\"async\" width=\"150\" height=\"150\" src=\"https:\/\/hercegovina.edu.ba\/hr\/wp-content\/uploads\/2025\/03\/Zavrsni-dogadjaj-UNIGEM-66-150x150.jpg\" class=\"attachment-thumbnail size-thumbnail\" alt=\"\" srcset=\"https:\/\/hercegovina.edu.ba\/hr\/wp-content\/uploads\/2025\/03\/Zavrsni-dogadjaj-UNIGEM-66-150x150.jpg 150w, https:\/\/hercegovina.edu.ba\/hr\/wp-content\/uploads\/2025\/03\/Zavrsni-dogadjaj-UNIGEM-66-300x300.jpg 300w, https:\/\/hercegovina.edu.ba\/hr\/wp-content\/uploads\/2025\/03\/Zavrsni-dogadjaj-UNIGEM-66-100x100.jpg 100w\" sizes=\"(max-width: 150px) 100vw, 150px\" \/><\/div><\/div>\t\t\t\t<\/div>\n\t\t\t\t<\/div>\n\t\t\t\t<\/div>\n\t\t\t\t<div class=\"elementor-element elementor-element-363b12a elementor-widget thim-ekits-heading elementor-widget-thim-heading\" data-id=\"363b12a\" data-element_type=\"widget\" data-widget_type=\"thim-heading.default\">\n\t\t\t\t<div class=\"elementor-widget-container\">\n\t\t\t\t\t<div class=\"sc_heading\"><h4 class=\"title\">VIJESTI VEZANE ZA UNIGEM PROJEKT: <\/h4><span class=\"line\"><\/span><\/div>\t\t\t\t<\/div>\n\t\t\t\t<\/div>\n\t\t\t\t<div class=\"elementor-element elementor-element-15ca2ba elementor-widget elementor-widget-text-editor\" data-id=\"15ca2ba\" data-element_type=\"widget\" data-widget_type=\"text-editor.default\">\n\t\t\t\t\t\t\t\t\t<p><blockquote class=\"wp-embedded-content\" data-secret=\"2YhaLMEODo\"><a href=\"https:\/\/hercegovina.edu.ba\/hr\/uspjesno-zavrsen-unigem-projekt\/\">Uspje\u0161no zavr\u0161en UNIGEM projekt<\/a><\/blockquote><iframe class=\"wp-embedded-content\" sandbox=\"allow-scripts\" security=\"restricted\" style=\"position: absolute; visibility: hidden;\" title=\"&#8220;Uspje\u0161no zavr\u0161en UNIGEM projekt&#8221; &#8212; Sveu\u010dili\u0161te Hercegovina\" src=\"https:\/\/hercegovina.edu.ba\/hr\/uspjesno-zavrsen-unigem-projekt\/embed\/#?secret=3BO6P8EMEN#?secret=2YhaLMEODo\" data-secret=\"2YhaLMEODo\" width=\"600\" height=\"338\" frameborder=\"0\" marginwidth=\"0\" marginheight=\"0\" scrolling=\"no\"><\/iframe><\/p>\n<p><blockquote class=\"wp-embedded-content\" data-secret=\"6UlVHrsWi8\"><a href=\"https:\/\/hercegovina.edu.ba\/hr\/promocija\/\">PROMOCIJA PUBLIKACIJE\u00a0:Odijeci promjena: Unaprje\u0111enje rodne ravnopravnosti u visokom obrazovanju na Balkanu<\/a><\/blockquote><iframe class=\"wp-embedded-content\" sandbox=\"allow-scripts\" security=\"restricted\" style=\"position: absolute; visibility: hidden;\" title=\"&#8220;PROMOCIJA PUBLIKACIJE\u00a0:Odijeci promjena: Unaprje\u0111enje rodne ravnopravnosti u visokom obrazovanju na Balkanu&#8221; &#8212; Sveu\u010dili\u0161te Hercegovina\" src=\"https:\/\/hercegovina.edu.ba\/hr\/promocija\/embed\/#?secret=pbR8FYxOEp#?secret=6UlVHrsWi8\" data-secret=\"6UlVHrsWi8\" width=\"600\" height=\"338\" frameborder=\"0\" marginwidth=\"0\" marginheight=\"0\" scrolling=\"no\"><\/iframe><\/p>\n<p><blockquote class=\"wp-embedded-content\" data-secret=\"iDMM0pBC9d\"><a href=\"https:\/\/hercegovina.edu.ba\/hr\/uspjesno-odrzane-radionice-u-sklopu-kampanje-16-dana-aktivizma\/\">Uspje\u0161no odr\u017eane radionice u sklopu kampanje 16 dana aktivizma<\/a><\/blockquote><iframe class=\"wp-embedded-content\" sandbox=\"allow-scripts\" security=\"restricted\" style=\"position: absolute; visibility: hidden;\" title=\"&#8220;Uspje\u0161no odr\u017eane radionice u sklopu kampanje 16 dana aktivizma&#8221; &#8212; Sveu\u010dili\u0161te Hercegovina\" src=\"https:\/\/hercegovina.edu.ba\/hr\/uspjesno-odrzane-radionice-u-sklopu-kampanje-16-dana-aktivizma\/embed\/#?secret=n2sWDLoFHD#?secret=iDMM0pBC9d\" data-secret=\"iDMM0pBC9d\" width=\"600\" height=\"338\" frameborder=\"0\" marginwidth=\"0\" marginheight=\"0\" scrolling=\"no\"><\/iframe><\/p>\n<p><blockquote class=\"wp-embedded-content\" data-secret=\"hKoiRydIli\"><a href=\"https:\/\/hercegovina.edu.ba\/hr\/poziv-za-medije-podrzimo-zrtve-i-prezivjele-u-okviru-kampanje-16-dana-aktivizma-protiv-rodno-zasnovanog-nasilja\/\">Poziv za medije : Podr\u017eimo \u017ertve i pre\u017eivjele u okviru kampanje \u201e16 dana aktivizma protiv rodno zasnovanog nasilja\u201c<\/a><\/blockquote><iframe class=\"wp-embedded-content\" sandbox=\"allow-scripts\" security=\"restricted\" style=\"position: absolute; visibility: hidden;\" title=\"&#8220;Poziv za medije : Podr\u017eimo \u017ertve i pre\u017eivjele u okviru kampanje \u201e16 dana aktivizma protiv rodno zasnovanog nasilja\u201c&#8221; &#8212; Sveu\u010dili\u0161te Hercegovina\" src=\"https:\/\/hercegovina.edu.ba\/hr\/poziv-za-medije-podrzimo-zrtve-i-prezivjele-u-okviru-kampanje-16-dana-aktivizma-protiv-rodno-zasnovanog-nasilja\/embed\/#?secret=v6IeiCpzC8#?secret=hKoiRydIli\" data-secret=\"hKoiRydIli\" width=\"600\" height=\"338\" frameborder=\"0\" marginwidth=\"0\" marginheight=\"0\" scrolling=\"no\"><\/iframe><\/p>\n<p><blockquote class=\"wp-embedded-content\" data-secret=\"ileWWwd2Ql\"><a href=\"https:\/\/hercegovina.edu.ba\/hr\/uspjesno-odrzana-radionica-u-sklopu-projekta-unigem\/\">Uspje\u0161no odr\u017eana radionica u sklopu projekta UNIGEM<\/a><\/blockquote><iframe class=\"wp-embedded-content\" sandbox=\"allow-scripts\" security=\"restricted\" style=\"position: absolute; visibility: hidden;\" title=\"&#8220;Uspje\u0161no odr\u017eana radionica u sklopu projekta UNIGEM&#8221; &#8212; Sveu\u010dili\u0161te Hercegovina\" src=\"https:\/\/hercegovina.edu.ba\/hr\/uspjesno-odrzana-radionica-u-sklopu-projekta-unigem\/embed\/#?secret=q6ZAQEbYbE#?secret=ileWWwd2Ql\" data-secret=\"ileWWwd2Ql\" width=\"600\" height=\"338\" frameborder=\"0\" marginwidth=\"0\" marginheight=\"0\" scrolling=\"no\"><\/iframe><\/p>\n<p>\u00a0<\/p>\n<p><blockquote class=\"wp-embedded-content\" data-secret=\"ogfA9ILaR3\"><a href=\"https:\/\/hercegovina.edu.ba\/hr\/unigem-prezentacija-gap-a\/\">UNIGEM: Prezentacija GAP-a<\/a><\/blockquote><iframe class=\"wp-embedded-content\" sandbox=\"allow-scripts\" security=\"restricted\" style=\"position: absolute; visibility: hidden;\" title=\"&#8220;UNIGEM: Prezentacija GAP-a&#8221; &#8212; Sveu\u010dili\u0161te Hercegovina\" src=\"https:\/\/hercegovina.edu.ba\/hr\/unigem-prezentacija-gap-a\/embed\/#?secret=XD0cC7d6mg#?secret=ogfA9ILaR3\" data-secret=\"ogfA9ILaR3\" width=\"600\" height=\"338\" frameborder=\"0\" marginwidth=\"0\" marginheight=\"0\" scrolling=\"no\"><\/iframe><\/p>\t\t\t\t\t\t\t\t<\/div>\n\t\t\t\t<\/div>\n\t\t\t\t\t<\/div>\n\t\t\t\t<\/div>\n\t\t\t\t<\/div>\n\t\t","protected":false},"excerpt":{"rendered":"<p>\u201eUvo\u0111enje rodno osvije\u0161tenih politika u visoko obrazovanje\u201c (UNIGEM) Projekt UNIGEM predstavlja strate\u0161ku opredijeljenost sveu\u010dili\u0161ta da uvo\u0111enjem rodne perspektive osiguraju rodnu ravnopravnost i sigurno okru\u017eenje za nastavnice i nastavnike, studentice i studente na sveu\u010dili\u0161tima u Bosni i Hercegovini i regiji.\u00a0 \u00a0Projekt &hellip; <\/p>\n","protected":false},"author":1,"featured_media":0,"parent":0,"menu_order":0,"comment_status":"closed","ping_status":"closed","template":"","meta":{"footnotes":""},"class_list":["post-17230","page","type-page","status-publish","hentry"],"yoast_head":"<!-- This site is optimized with the Yoast SEO plugin v27.3 - https:\/\/yoast.com\/product\/yoast-seo-wordpress\/ -->\n<title>UNIGEM - O projektu - Sveu\u010dili\u0161te Hercegovina<\/title>\n<meta name=\"robots\" content=\"index, follow, max-snippet:-1, max-image-preview:large, max-video-preview:-1\" \/>\n<link rel=\"canonical\" href=\"https:\/\/hercegovina.edu.ba\/hr\/unigem-o-projektu\/\" \/>\n<meta property=\"og:locale\" content=\"hr_HR\" \/>\n<meta property=\"og:type\" content=\"article\" \/>\n<meta property=\"og:title\" content=\"UNIGEM - O projektu - Sveu\u010dili\u0161te Hercegovina\" \/>\n<meta property=\"og:description\" content=\"\u201eUvo\u0111enje rodno osvije\u0161tenih politika u visoko obrazovanje\u201c (UNIGEM) Projekt UNIGEM predstavlja strate\u0161ku opredijeljenost sveu\u010dili\u0161ta da uvo\u0111enjem rodne perspektive osiguraju rodnu ravnopravnost i sigurno okru\u017eenje za nastavnice i nastavnike, studentice i studente na sveu\u010dili\u0161tima u Bosni i Hercegovini i regiji.\u00a0 \u00a0Projekt &hellip;\" \/>\n<meta property=\"og:url\" content=\"https:\/\/hercegovina.edu.ba\/hr\/unigem-o-projektu\/\" \/>\n<meta property=\"og:site_name\" content=\"Sveu\u010dili\u0161te Hercegovina\" \/>\n<meta property=\"article:modified_time\" content=\"2025-08-24T19:26:17+00:00\" \/>\n<meta property=\"og:image\" content=\"https:\/\/hercegovina.edu.ba\/hr\/wp-content\/uploads\/foto-21-150x150.jpg\" \/>\n<meta name=\"twitter:card\" content=\"summary_large_image\" \/>\n<meta name=\"twitter:label1\" content=\"Procijenjeno vrijeme \u010ditanja\" \/>\n\t<meta name=\"twitter:data1\" content=\"6 minuta\" \/>\n<script type=\"application\/ld+json\" class=\"yoast-schema-graph\">{\"@context\":\"https:\\\/\\\/schema.org\",\"@graph\":[{\"@type\":\"WebPage\",\"@id\":\"https:\\\/\\\/hercegovina.edu.ba\\\/hr\\\/unigem-o-projektu\\\/\",\"url\":\"https:\\\/\\\/hercegovina.edu.ba\\\/hr\\\/unigem-o-projektu\\\/\",\"name\":\"UNIGEM - O projektu - Sveu\u010dili\u0161te Hercegovina\",\"isPartOf\":{\"@id\":\"https:\\\/\\\/hercegovina.edu.ba\\\/hr\\\/#website\"},\"primaryImageOfPage\":{\"@id\":\"https:\\\/\\\/hercegovina.edu.ba\\\/hr\\\/unigem-o-projektu\\\/#primaryimage\"},\"image\":{\"@id\":\"https:\\\/\\\/hercegovina.edu.ba\\\/hr\\\/unigem-o-projektu\\\/#primaryimage\"},\"thumbnailUrl\":\"https:\\\/\\\/hercegovina.edu.ba\\\/hr\\\/wp-content\\\/uploads\\\/foto-21-150x150.jpg\",\"datePublished\":\"2025-08-24T18:53:35+00:00\",\"dateModified\":\"2025-08-24T19:26:17+00:00\",\"breadcrumb\":{\"@id\":\"https:\\\/\\\/hercegovina.edu.ba\\\/hr\\\/unigem-o-projektu\\\/#breadcrumb\"},\"inLanguage\":\"hr\",\"potentialAction\":[{\"@type\":\"ReadAction\",\"target\":[\"https:\\\/\\\/hercegovina.edu.ba\\\/hr\\\/unigem-o-projektu\\\/\"]}]},{\"@type\":\"ImageObject\",\"inLanguage\":\"hr\",\"@id\":\"https:\\\/\\\/hercegovina.edu.ba\\\/hr\\\/unigem-o-projektu\\\/#primaryimage\",\"url\":\"https:\\\/\\\/hercegovina.edu.ba\\\/hr\\\/wp-content\\\/uploads\\\/foto-21-scaled.jpg\",\"contentUrl\":\"https:\\\/\\\/hercegovina.edu.ba\\\/hr\\\/wp-content\\\/uploads\\\/foto-21-scaled.jpg\",\"width\":2560,\"height\":1920},{\"@type\":\"BreadcrumbList\",\"@id\":\"https:\\\/\\\/hercegovina.edu.ba\\\/hr\\\/unigem-o-projektu\\\/#breadcrumb\",\"itemListElement\":[{\"@type\":\"ListItem\",\"position\":1,\"name\":\"Po\u010detna stranica\",\"item\":\"https:\\\/\\\/hercegovina.edu.ba\\\/hr\\\/\"},{\"@type\":\"ListItem\",\"position\":2,\"name\":\"UNIGEM &#8211; O projektu\"}]},{\"@type\":\"WebSite\",\"@id\":\"https:\\\/\\\/hercegovina.edu.ba\\\/hr\\\/#website\",\"url\":\"https:\\\/\\\/hercegovina.edu.ba\\\/hr\\\/\",\"name\":\"Sveu\u010dili\u0161te Hercegovina\",\"description\":\"Obrazovanje\",\"publisher\":{\"@id\":\"https:\\\/\\\/hercegovina.edu.ba\\\/hr\\\/#organization\"},\"potentialAction\":[{\"@type\":\"SearchAction\",\"target\":{\"@type\":\"EntryPoint\",\"urlTemplate\":\"https:\\\/\\\/hercegovina.edu.ba\\\/hr\\\/?s={search_term_string}\"},\"query-input\":{\"@type\":\"PropertyValueSpecification\",\"valueRequired\":true,\"valueName\":\"search_term_string\"}}],\"inLanguage\":\"hr\"},{\"@type\":\"Organization\",\"@id\":\"https:\\\/\\\/hercegovina.edu.ba\\\/hr\\\/#organization\",\"name\":\"Sveu\u010dili\u0161te Hercegovina\",\"url\":\"https:\\\/\\\/hercegovina.edu.ba\\\/hr\\\/\",\"logo\":{\"@type\":\"ImageObject\",\"inLanguage\":\"hr\",\"@id\":\"https:\\\/\\\/hercegovina.edu.ba\\\/hr\\\/#\\\/schema\\\/logo\\\/image\\\/\",\"url\":\"https:\\\/\\\/hercegovina.edu.ba\\\/hr\\\/wp-content\\\/uploads\\\/2025\\\/03\\\/1sveherc.png\",\"contentUrl\":\"https:\\\/\\\/hercegovina.edu.ba\\\/hr\\\/wp-content\\\/uploads\\\/2025\\\/03\\\/1sveherc.png\",\"width\":300,\"height\":100,\"caption\":\"Sveu\u010dili\u0161te Hercegovina\"},\"image\":{\"@id\":\"https:\\\/\\\/hercegovina.edu.ba\\\/hr\\\/#\\\/schema\\\/logo\\\/image\\\/\"}}]}<\/script>\n<!-- \/ Yoast SEO plugin. -->","yoast_head_json":{"title":"UNIGEM - O projektu - Sveu\u010dili\u0161te Hercegovina","robots":{"index":"index","follow":"follow","max-snippet":"max-snippet:-1","max-image-preview":"max-image-preview:large","max-video-preview":"max-video-preview:-1"},"canonical":"https:\/\/hercegovina.edu.ba\/hr\/unigem-o-projektu\/","og_locale":"hr_HR","og_type":"article","og_title":"UNIGEM - O projektu - Sveu\u010dili\u0161te Hercegovina","og_description":"\u201eUvo\u0111enje rodno osvije\u0161tenih politika u visoko obrazovanje\u201c (UNIGEM) Projekt UNIGEM predstavlja strate\u0161ku opredijeljenost sveu\u010dili\u0161ta da uvo\u0111enjem rodne perspektive osiguraju rodnu ravnopravnost i sigurno okru\u017eenje za nastavnice i nastavnike, studentice i studente na sveu\u010dili\u0161tima u Bosni i Hercegovini i regiji.\u00a0 \u00a0Projekt &hellip;","og_url":"https:\/\/hercegovina.edu.ba\/hr\/unigem-o-projektu\/","og_site_name":"Sveu\u010dili\u0161te Hercegovina","article_modified_time":"2025-08-24T19:26:17+00:00","og_image":[{"url":"https:\/\/hercegovina.edu.ba\/hr\/wp-content\/uploads\/foto-21-150x150.jpg","type":"","width":"","height":""}],"twitter_card":"summary_large_image","twitter_misc":{"Procijenjeno vrijeme \u010ditanja":"6 minuta"},"schema":{"@context":"https:\/\/schema.org","@graph":[{"@type":"WebPage","@id":"https:\/\/hercegovina.edu.ba\/hr\/unigem-o-projektu\/","url":"https:\/\/hercegovina.edu.ba\/hr\/unigem-o-projektu\/","name":"UNIGEM - O projektu - Sveu\u010dili\u0161te Hercegovina","isPartOf":{"@id":"https:\/\/hercegovina.edu.ba\/hr\/#website"},"primaryImageOfPage":{"@id":"https:\/\/hercegovina.edu.ba\/hr\/unigem-o-projektu\/#primaryimage"},"image":{"@id":"https:\/\/hercegovina.edu.ba\/hr\/unigem-o-projektu\/#primaryimage"},"thumbnailUrl":"https:\/\/hercegovina.edu.ba\/hr\/wp-content\/uploads\/foto-21-150x150.jpg","datePublished":"2025-08-24T18:53:35+00:00","dateModified":"2025-08-24T19:26:17+00:00","breadcrumb":{"@id":"https:\/\/hercegovina.edu.ba\/hr\/unigem-o-projektu\/#breadcrumb"},"inLanguage":"hr","potentialAction":[{"@type":"ReadAction","target":["https:\/\/hercegovina.edu.ba\/hr\/unigem-o-projektu\/"]}]},{"@type":"ImageObject","inLanguage":"hr","@id":"https:\/\/hercegovina.edu.ba\/hr\/unigem-o-projektu\/#primaryimage","url":"https:\/\/hercegovina.edu.ba\/hr\/wp-content\/uploads\/foto-21-scaled.jpg","contentUrl":"https:\/\/hercegovina.edu.ba\/hr\/wp-content\/uploads\/foto-21-scaled.jpg","width":2560,"height":1920},{"@type":"BreadcrumbList","@id":"https:\/\/hercegovina.edu.ba\/hr\/unigem-o-projektu\/#breadcrumb","itemListElement":[{"@type":"ListItem","position":1,"name":"Po\u010detna stranica","item":"https:\/\/hercegovina.edu.ba\/hr\/"},{"@type":"ListItem","position":2,"name":"UNIGEM &#8211; O projektu"}]},{"@type":"WebSite","@id":"https:\/\/hercegovina.edu.ba\/hr\/#website","url":"https:\/\/hercegovina.edu.ba\/hr\/","name":"Sveu\u010dili\u0161te Hercegovina","description":"Obrazovanje","publisher":{"@id":"https:\/\/hercegovina.edu.ba\/hr\/#organization"},"potentialAction":[{"@type":"SearchAction","target":{"@type":"EntryPoint","urlTemplate":"https:\/\/hercegovina.edu.ba\/hr\/?s={search_term_string}"},"query-input":{"@type":"PropertyValueSpecification","valueRequired":true,"valueName":"search_term_string"}}],"inLanguage":"hr"},{"@type":"Organization","@id":"https:\/\/hercegovina.edu.ba\/hr\/#organization","name":"Sveu\u010dili\u0161te Hercegovina","url":"https:\/\/hercegovina.edu.ba\/hr\/","logo":{"@type":"ImageObject","inLanguage":"hr","@id":"https:\/\/hercegovina.edu.ba\/hr\/#\/schema\/logo\/image\/","url":"https:\/\/hercegovina.edu.ba\/hr\/wp-content\/uploads\/2025\/03\/1sveherc.png","contentUrl":"https:\/\/hercegovina.edu.ba\/hr\/wp-content\/uploads\/2025\/03\/1sveherc.png","width":300,"height":100,"caption":"Sveu\u010dili\u0161te Hercegovina"},"image":{"@id":"https:\/\/hercegovina.edu.ba\/hr\/#\/schema\/logo\/image\/"}}]}},"jetpack_sharing_enabled":true,"_links":{"self":[{"href":"https:\/\/hercegovina.edu.ba\/hr\/wp-json\/wp\/v2\/pages\/17230","targetHints":{"allow":["GET"]}}],"collection":[{"href":"https:\/\/hercegovina.edu.ba\/hr\/wp-json\/wp\/v2\/pages"}],"about":[{"href":"https:\/\/hercegovina.edu.ba\/hr\/wp-json\/wp\/v2\/types\/page"}],"author":[{"embeddable":true,"href":"https:\/\/hercegovina.edu.ba\/hr\/wp-json\/wp\/v2\/users\/1"}],"replies":[{"embeddable":true,"href":"https:\/\/hercegovina.edu.ba\/hr\/wp-json\/wp\/v2\/comments?post=17230"}],"version-history":[{"count":7,"href":"https:\/\/hercegovina.edu.ba\/hr\/wp-json\/wp\/v2\/pages\/17230\/revisions"}],"predecessor-version":[{"id":17258,"href":"https:\/\/hercegovina.edu.ba\/hr\/wp-json\/wp\/v2\/pages\/17230\/revisions\/17258"}],"wp:attachment":[{"href":"https:\/\/hercegovina.edu.ba\/hr\/wp-json\/wp\/v2\/media?parent=17230"}],"curies":[{"name":"wp","href":"https:\/\/api.w.org\/{rel}","templated":true}]}}