{"id":16947,"date":"2025-05-02T20:44:57","date_gmt":"2025-05-02T18:44:57","guid":{"rendered":"https:\/\/hercegovina.edu.ba\/hr\/?page_id=16947"},"modified":"2025-05-02T21:18:51","modified_gmt":"2025-05-02T19:18:51","slug":"e-placanje-monri","status":"publish","type":"page","link":"https:\/\/hercegovina.edu.ba\/hr\/e-placanje-monri\/","title":{"rendered":"E-pla\u0107anje (MONRI)"},"content":{"rendered":"\t\t<div data-elementor-type=\"wp-page\" data-elementor-id=\"16947\" class=\"elementor elementor-16947\">\n\t\t\t\t<div class=\"elementor-element elementor-element-233239ce e-flex e-con-boxed e-con e-parent\" data-id=\"233239ce\" data-element_type=\"container\">\n\t\t\t\t\t<div class=\"e-con-inner\">\n\t\t\t\t<div class=\"elementor-element elementor-element-5e4ba3bc elementor-widget elementor-widget-text-editor\" data-id=\"5e4ba3bc\" data-element_type=\"widget\" data-widget_type=\"text-editor.default\">\n\t\t\t\t\t\t\t\t\t<h2 class=\"wp-block-post-title\">\u0160kolarina<\/h2>\t\t\t\t\t\t\t\t<\/div>\n\t\t\t\t\t<\/div>\n\t\t\t\t<\/div>\n\t\t<div class=\"elementor-element elementor-element-bc4a3e4 e-flex e-con-boxed e-con e-parent\" data-id=\"bc4a3e4\" data-element_type=\"container\">\n\t\t\t\t\t<div class=\"e-con-inner\">\n\t\t\t\t<div class=\"elementor-element elementor-element-4d1c624 elementor-position-top elementor-widget elementor-widget-image-box\" data-id=\"4d1c624\" data-element_type=\"widget\" data-widget_type=\"image-box.default\">\n\t\t\t\t\t<div class=\"elementor-image-box-wrapper\"><figure class=\"elementor-image-box-img\"><img fetchpriority=\"high\" decoding=\"async\" width=\"1024\" height=\"300\" src=\"https:\/\/hercegovina.edu.ba\/hr\/wp-content\/uploads\/2025\/05\/Monri_Pay.png\" class=\"attachment-full size-full wp-image-16952\" alt=\"\" srcset=\"https:\/\/hercegovina.edu.ba\/hr\/wp-content\/uploads\/2025\/05\/Monri_Pay.png 1024w, https:\/\/hercegovina.edu.ba\/hr\/wp-content\/uploads\/2025\/05\/Monri_Pay-300x88.png 300w, https:\/\/hercegovina.edu.ba\/hr\/wp-content\/uploads\/2025\/05\/Monri_Pay-768x225.png 768w, https:\/\/hercegovina.edu.ba\/hr\/wp-content\/uploads\/2025\/05\/Monri_Pay-600x176.png 600w\" sizes=\"(max-width: 1024px) 100vw, 1024px\" \/><\/figure><div class=\"elementor-image-box-content\"><h3 class=\"elementor-image-box-title\">Sveu\u010dili\u0161te Hercegovina - E-PLA\u0106ANJE<\/h3><p class=\"elementor-image-box-description\">\n\nID broj Sveu\u010dili\u0161ta Hercegovina: 4227695370007\n\n<BR>Adresa: Blajbur\u0161kih \u017ertava 100, 88000 Mostar, Bosna i Hercegovina\n\n<BR>Broj Telefona: 036\/ 651-828\n\nEmail: info@hercegovina.edu.ba<\/p><\/div><\/div>\t\t\t\t<\/div>\n\t\t\t\t<div class=\"elementor-element elementor-element-17fe826 elementor-widget elementor-widget-text-editor\" data-id=\"17fe826\" data-element_type=\"widget\" data-widget_type=\"text-editor.default\">\n\t\t\t\t\t\t\t\t\t<p>Prihva\u0107amo uplate sljede\u0107ih kartica:<\/p>\n<p>\u00a0<\/p>\t\t\t\t\t\t\t\t<\/div>\n\t\t<div class=\"elementor-element elementor-element-124a025 e-con-full e-grid e-con e-child\" data-id=\"124a025\" data-element_type=\"container\">\n\t\t\t\t<div class=\"elementor-element elementor-element-77f3452 elementor-position-top elementor-widget elementor-widget-image-box\" data-id=\"77f3452\" data-element_type=\"widget\" data-widget_type=\"image-box.default\">\n\t\t\t\t\t<div class=\"elementor-image-box-wrapper\"><figure class=\"elementor-image-box-img\"><img decoding=\"async\" width=\"400\" height=\"250\" src=\"https:\/\/hercegovina.edu.ba\/hr\/wp-content\/uploads\/2025\/05\/visa_logo_400x250.jpg\" class=\"attachment-full size-full wp-image-16953\" alt=\"\" srcset=\"https:\/\/hercegovina.edu.ba\/hr\/wp-content\/uploads\/2025\/05\/visa_logo_400x250.jpg 400w, https:\/\/hercegovina.edu.ba\/hr\/wp-content\/uploads\/2025\/05\/visa_logo_400x250-300x188.jpg 300w\" sizes=\"(max-width: 400px) 100vw, 400px\" \/><\/figure><div class=\"elementor-image-box-content\"><h3 class=\"elementor-image-box-title\">Visa<\/h3><\/div><\/div>\t\t\t\t<\/div>\n\t\t\t\t<div class=\"elementor-element elementor-element-0cb2968 elementor-position-top elementor-widget elementor-widget-image-box\" data-id=\"0cb2968\" data-element_type=\"widget\" data-widget_type=\"image-box.default\">\n\t\t\t\t\t<div class=\"elementor-image-box-wrapper\"><figure class=\"elementor-image-box-img\"><img decoding=\"async\" width=\"210\" height=\"133\" src=\"https:\/\/hercegovina.edu.ba\/hr\/wp-content\/uploads\/2025\/05\/mc_acc_opt_70_3x.png\" class=\"attachment-full size-full wp-image-16954\" alt=\"\" \/><\/figure><div class=\"elementor-image-box-content\"><h3 class=\"elementor-image-box-title\">MasterCard<\/h3><\/div><\/div>\t\t\t\t<\/div>\n\t\t\t\t<div class=\"elementor-element elementor-element-6a1e32e elementor-position-top elementor-widget elementor-widget-image-box\" data-id=\"6a1e32e\" data-element_type=\"widget\" data-widget_type=\"image-box.default\">\n\t\t\t\t\t<div class=\"elementor-image-box-wrapper\"><figure class=\"elementor-image-box-img\"><img loading=\"lazy\" decoding=\"async\" width=\"210\" height=\"135\" src=\"https:\/\/hercegovina.edu.ba\/hr\/wp-content\/uploads\/2025\/05\/ms_acc_opt_70_3x.png\" class=\"attachment-full size-full wp-image-16955\" alt=\"\" \/><\/figure><div class=\"elementor-image-box-content\"><h3 class=\"elementor-image-box-title\">Maestro<\/h3><\/div><\/div>\t\t\t\t<\/div>\n\t\t\t\t<\/div>\n\t\t\t\t<div class=\"elementor-element elementor-element-d2e0c52 elementor-widget elementor-widget-heading\" data-id=\"d2e0c52\" data-element_type=\"widget\" data-widget_type=\"heading.default\">\n\t\t\t\t\t<h2 class=\"elementor-heading-title elementor-size-default\">Odaberite iznos:\n   <\/h2>\t\t\t\t<\/div>\n\t\t\t\t<div class=\"elementor-element elementor-element-5ba19ac elementor-widget elementor-widget-thim-ekits-list-product\" data-id=\"5ba19ac\" data-element_type=\"widget\" data-widget_type=\"thim-ekits-list-product.default\">\n\t\t\t\t<div class=\"elementor-widget-container\">\n\t\t\t\t\t\t\t\t<div class=\"thim-ekits-product woocommerce\">\n\t\t\t\t<div class=\"thim-ekits-product__inner\">\n\t\t\t\t\t\t\t\t\t\t\t<div class=\"thim-ekits-product__item product type-product post-16939 status-publish first instock product_cat-skolarina has-post-thumbnail taxable shipping-taxable purchasable product-type-simple\">\n\t\t\t\t\t\t\t<img loading=\"lazy\" decoding=\"async\" width=\"300\" height=\"300\" src=\"https:\/\/hercegovina.edu.ba\/hr\/wp-content\/uploads\/2025\/05\/e-pay-300x300.png\" class=\"attachment-woocommerce_thumbnail size-woocommerce_thumbnail\" alt=\"\u0160kolarina\" srcset=\"https:\/\/hercegovina.edu.ba\/hr\/wp-content\/uploads\/2025\/05\/e-pay-300x300.png 300w, https:\/\/hercegovina.edu.ba\/hr\/wp-content\/uploads\/2025\/05\/e-pay-150x150.png 150w, https:\/\/hercegovina.edu.ba\/hr\/wp-content\/uploads\/2025\/05\/e-pay-100x100.png 100w, https:\/\/hercegovina.edu.ba\/hr\/wp-content\/uploads\/2025\/05\/e-pay-32x32.png 32w, https:\/\/hercegovina.edu.ba\/hr\/wp-content\/uploads\/2025\/05\/e-pay-48x48.png 48w, https:\/\/hercegovina.edu.ba\/hr\/wp-content\/uploads\/2025\/05\/e-pay.png 500w\" sizes=\"(max-width: 300px) 100vw, 300px\" \/><h2 class=\"woocommerce-loop-product__title\">\u0160kolarina<\/h2>\n\t<span class=\"price\"><span class=\"woocommerce-Price-amount amount\"><bdi>10,00&nbsp;<span class=\"woocommerce-Price-currencySymbol\">KM<\/span><\/bdi><\/span><\/span>\n<\/a><a href=\"\/hr\/wp-json\/wp\/v2\/pages\/16947?add-to-cart=16939\" aria-describedby=\"woocommerce_loop_add_to_cart_link_describedby_16939\" data-quantity=\"1\" class=\"button product_type_simple add_to_cart_button ajax_add_to_cart\" data-product_id=\"16939\" data-product_sku=\"\" aria-label=\"Dodaj u ko\u0161aricu: &ldquo;\u0160kolarina&rdquo;\" rel=\"nofollow\" data-success_message=\"&quot;\u0160kolarina&quot; je dodan u va\u0161u ko\u0161aricu\" role=\"button\">Dodaj u ko\u0161aricu<\/a>\t<span id=\"woocommerce_loop_add_to_cart_link_describedby_16939\" class=\"screen-reader-text\">\n\t\t\t<\/span>\n\t\t\t\t\t\t<\/div>\n\t\t\t\t\t\t\t\t\t\t\t\t<div class=\"thim-ekits-product__item product type-product post-16941 status-publish instock product_cat-skolarina has-post-thumbnail taxable shipping-taxable purchasable product-type-simple\">\n\t\t\t\t\t\t\t<img loading=\"lazy\" decoding=\"async\" width=\"300\" height=\"300\" src=\"https:\/\/hercegovina.edu.ba\/hr\/wp-content\/uploads\/2025\/05\/e-pay-300x300.png\" class=\"attachment-woocommerce_thumbnail size-woocommerce_thumbnail\" alt=\"\u0160kolarina\" srcset=\"https:\/\/hercegovina.edu.ba\/hr\/wp-content\/uploads\/2025\/05\/e-pay-300x300.png 300w, https:\/\/hercegovina.edu.ba\/hr\/wp-content\/uploads\/2025\/05\/e-pay-150x150.png 150w, https:\/\/hercegovina.edu.ba\/hr\/wp-content\/uploads\/2025\/05\/e-pay-100x100.png 100w, https:\/\/hercegovina.edu.ba\/hr\/wp-content\/uploads\/2025\/05\/e-pay-32x32.png 32w, https:\/\/hercegovina.edu.ba\/hr\/wp-content\/uploads\/2025\/05\/e-pay-48x48.png 48w, https:\/\/hercegovina.edu.ba\/hr\/wp-content\/uploads\/2025\/05\/e-pay.png 500w\" sizes=\"(max-width: 300px) 100vw, 300px\" \/><h2 class=\"woocommerce-loop-product__title\">\u0160kolarina<\/h2>\n\t<span class=\"price\"><span class=\"woocommerce-Price-amount amount\"><bdi>100,00&nbsp;<span class=\"woocommerce-Price-currencySymbol\">KM<\/span><\/bdi><\/span><\/span>\n<\/a><a href=\"\/hr\/wp-json\/wp\/v2\/pages\/16947?add-to-cart=16941\" aria-describedby=\"woocommerce_loop_add_to_cart_link_describedby_16941\" data-quantity=\"1\" class=\"button product_type_simple add_to_cart_button ajax_add_to_cart\" data-product_id=\"16941\" data-product_sku=\"\" aria-label=\"Dodaj u ko\u0161aricu: &ldquo;\u0160kolarina&rdquo;\" rel=\"nofollow\" data-success_message=\"&quot;\u0160kolarina&quot; je dodan u va\u0161u ko\u0161aricu\" role=\"button\">Dodaj u ko\u0161aricu<\/a>\t<span id=\"woocommerce_loop_add_to_cart_link_describedby_16941\" class=\"screen-reader-text\">\n\t\t\t<\/span>\n\t\t\t\t\t\t<\/div>\n\t\t\t\t\t\t\t\t\t\t\t\t<div class=\"thim-ekits-product__item product type-product post-16942 status-publish last instock product_cat-skolarina has-post-thumbnail taxable shipping-taxable purchasable product-type-simple\">\n\t\t\t\t\t\t\t<img loading=\"lazy\" decoding=\"async\" width=\"300\" height=\"300\" src=\"https:\/\/hercegovina.edu.ba\/hr\/wp-content\/uploads\/2025\/05\/e-pay-300x300.png\" class=\"attachment-woocommerce_thumbnail size-woocommerce_thumbnail\" alt=\"\u0160kolarina\" srcset=\"https:\/\/hercegovina.edu.ba\/hr\/wp-content\/uploads\/2025\/05\/e-pay-300x300.png 300w, https:\/\/hercegovina.edu.ba\/hr\/wp-content\/uploads\/2025\/05\/e-pay-150x150.png 150w, https:\/\/hercegovina.edu.ba\/hr\/wp-content\/uploads\/2025\/05\/e-pay-100x100.png 100w, https:\/\/hercegovina.edu.ba\/hr\/wp-content\/uploads\/2025\/05\/e-pay-32x32.png 32w, https:\/\/hercegovina.edu.ba\/hr\/wp-content\/uploads\/2025\/05\/e-pay-48x48.png 48w, https:\/\/hercegovina.edu.ba\/hr\/wp-content\/uploads\/2025\/05\/e-pay.png 500w\" sizes=\"(max-width: 300px) 100vw, 300px\" \/><h2 class=\"woocommerce-loop-product__title\">\u0160kolarina<\/h2>\n\t<span class=\"price\"><span class=\"woocommerce-Price-amount amount\"><bdi>500,00&nbsp;<span class=\"woocommerce-Price-currencySymbol\">KM<\/span><\/bdi><\/span><\/span>\n<\/a><a href=\"\/hr\/wp-json\/wp\/v2\/pages\/16947?add-to-cart=16942\" aria-describedby=\"woocommerce_loop_add_to_cart_link_describedby_16942\" data-quantity=\"1\" class=\"button product_type_simple add_to_cart_button ajax_add_to_cart\" data-product_id=\"16942\" data-product_sku=\"\" aria-label=\"Dodaj u ko\u0161aricu: &ldquo;\u0160kolarina&rdquo;\" rel=\"nofollow\" data-success_message=\"&quot;\u0160kolarina&quot; je dodan u va\u0161u ko\u0161aricu\" role=\"button\">Dodaj u ko\u0161aricu<\/a>\t<span id=\"woocommerce_loop_add_to_cart_link_describedby_16942\" class=\"screen-reader-text\">\n\t\t\t<\/span>\n\t\t\t\t\t\t<\/div>\n\t\t\t\t\t\t\t\t\t\t<\/div>\n\t\t\t<\/div>\n\t\t\t\t\t\t\t<\/div>\n\t\t\t\t<\/div>\n\t\t\t\t\t<\/div>\n\t\t\t\t<\/div>\n\t\t\t\t<\/div>\n\t\t","protected":false},"excerpt":{"rendered":"<p>Sveu\u010dili\u0161te Hercegovina &#8211; E-PLA\u0106ANJE ID broj Sveu\u010dili\u0161ta Hercegovina: 4227695370007 Adresa: Blajbur\u0161kih \u017ertava 100, 88000 Mostar, Bosna i Hercegovina Broj Telefona: 036\/ 651-828 Email: info@hercegovina.edu.ba Prihva\u0107amo uplate sljede\u0107ih kartica: \u00a0 Visa MasterCard Maestro Odaberite iznos: \u0160kolarina 10,00&nbsp;KM Dodaj u ko\u0161aricu \u0160kolarina &hellip; <\/p>\n","protected":false},"author":1,"featured_media":0,"parent":0,"menu_order":0,"comment_status":"closed","ping_status":"closed","template":"","meta":{"footnotes":""},"class_list":["post-16947","page","type-page","status-publish","hentry"],"yoast_head":"<!-- This site is optimized with the Yoast SEO plugin v27.3 - https:\/\/yoast.com\/product\/yoast-seo-wordpress\/ -->\n<title>E-pla\u0107anje (MONRI) - Sveu\u010dili\u0161te Hercegovina<\/title>\n<meta name=\"robots\" content=\"index, follow, max-snippet:-1, max-image-preview:large, max-video-preview:-1\" \/>\n<link rel=\"canonical\" href=\"https:\/\/hercegovina.edu.ba\/hr\/e-placanje-monri\/\" \/>\n<meta property=\"og:locale\" content=\"hr_HR\" \/>\n<meta property=\"og:type\" content=\"article\" \/>\n<meta property=\"og:title\" content=\"E-pla\u0107anje (MONRI) - Sveu\u010dili\u0161te Hercegovina\" \/>\n<meta property=\"og:description\" content=\"Sveu\u010dili\u0161te Hercegovina &#8211; E-PLA\u0106ANJE ID broj Sveu\u010dili\u0161ta Hercegovina: 4227695370007 Adresa: Blajbur\u0161kih \u017ertava 100, 88000 Mostar, Bosna i Hercegovina Broj Telefona: 036\/ 651-828 Email: info@hercegovina.edu.ba Prihva\u0107amo uplate sljede\u0107ih kartica: \u00a0 Visa MasterCard Maestro Odaberite iznos: \u0160kolarina 10,00&nbsp;KM Dodaj u ko\u0161aricu \u0160kolarina &hellip;\" \/>\n<meta property=\"og:url\" content=\"https:\/\/hercegovina.edu.ba\/hr\/e-placanje-monri\/\" \/>\n<meta property=\"og:site_name\" content=\"Sveu\u010dili\u0161te Hercegovina\" \/>\n<meta property=\"article:modified_time\" content=\"2025-05-02T19:18:51+00:00\" \/>\n<meta property=\"og:image\" content=\"https:\/\/hercegovina.edu.ba\/hr\/wp-content\/uploads\/2025\/05\/Monri_Pay.png\" \/>\n\t<meta property=\"og:image:width\" content=\"1024\" \/>\n\t<meta property=\"og:image:height\" content=\"300\" \/>\n\t<meta property=\"og:image:type\" content=\"image\/png\" \/>\n<meta name=\"twitter:card\" content=\"summary_large_image\" \/>\n<meta name=\"twitter:label1\" content=\"Procijenjeno vrijeme \u010ditanja\" \/>\n\t<meta name=\"twitter:data1\" content=\"2 minute\" \/>\n<script type=\"application\/ld+json\" class=\"yoast-schema-graph\">{\"@context\":\"https:\\\/\\\/schema.org\",\"@graph\":[{\"@type\":\"WebPage\",\"@id\":\"https:\\\/\\\/hercegovina.edu.ba\\\/hr\\\/e-placanje-monri\\\/\",\"url\":\"https:\\\/\\\/hercegovina.edu.ba\\\/hr\\\/e-placanje-monri\\\/\",\"name\":\"E-pla\u0107anje (MONRI) - Sveu\u010dili\u0161te Hercegovina\",\"isPartOf\":{\"@id\":\"https:\\\/\\\/hercegovina.edu.ba\\\/hr\\\/#website\"},\"primaryImageOfPage\":{\"@id\":\"https:\\\/\\\/hercegovina.edu.ba\\\/hr\\\/e-placanje-monri\\\/#primaryimage\"},\"image\":{\"@id\":\"https:\\\/\\\/hercegovina.edu.ba\\\/hr\\\/e-placanje-monri\\\/#primaryimage\"},\"thumbnailUrl\":\"https:\\\/\\\/hercegovina.edu.ba\\\/hr\\\/wp-content\\\/uploads\\\/2025\\\/05\\\/Monri_Pay.png\",\"datePublished\":\"2025-05-02T18:44:57+00:00\",\"dateModified\":\"2025-05-02T19:18:51+00:00\",\"breadcrumb\":{\"@id\":\"https:\\\/\\\/hercegovina.edu.ba\\\/hr\\\/e-placanje-monri\\\/#breadcrumb\"},\"inLanguage\":\"hr\",\"potentialAction\":[{\"@type\":\"ReadAction\",\"target\":[\"https:\\\/\\\/hercegovina.edu.ba\\\/hr\\\/e-placanje-monri\\\/\"]}]},{\"@type\":\"ImageObject\",\"inLanguage\":\"hr\",\"@id\":\"https:\\\/\\\/hercegovina.edu.ba\\\/hr\\\/e-placanje-monri\\\/#primaryimage\",\"url\":\"https:\\\/\\\/hercegovina.edu.ba\\\/hr\\\/wp-content\\\/uploads\\\/2025\\\/05\\\/Monri_Pay.png\",\"contentUrl\":\"https:\\\/\\\/hercegovina.edu.ba\\\/hr\\\/wp-content\\\/uploads\\\/2025\\\/05\\\/Monri_Pay.png\",\"width\":1024,\"height\":300},{\"@type\":\"BreadcrumbList\",\"@id\":\"https:\\\/\\\/hercegovina.edu.ba\\\/hr\\\/e-placanje-monri\\\/#breadcrumb\",\"itemListElement\":[{\"@type\":\"ListItem\",\"position\":1,\"name\":\"Po\u010detna stranica\",\"item\":\"https:\\\/\\\/hercegovina.edu.ba\\\/hr\\\/\"},{\"@type\":\"ListItem\",\"position\":2,\"name\":\"E-pla\u0107anje (MONRI)\"}]},{\"@type\":\"WebSite\",\"@id\":\"https:\\\/\\\/hercegovina.edu.ba\\\/hr\\\/#website\",\"url\":\"https:\\\/\\\/hercegovina.edu.ba\\\/hr\\\/\",\"name\":\"Sveu\u010dili\u0161te Hercegovina\",\"description\":\"Obrazovanje\",\"publisher\":{\"@id\":\"https:\\\/\\\/hercegovina.edu.ba\\\/hr\\\/#organization\"},\"potentialAction\":[{\"@type\":\"SearchAction\",\"target\":{\"@type\":\"EntryPoint\",\"urlTemplate\":\"https:\\\/\\\/hercegovina.edu.ba\\\/hr\\\/?s={search_term_string}\"},\"query-input\":{\"@type\":\"PropertyValueSpecification\",\"valueRequired\":true,\"valueName\":\"search_term_string\"}}],\"inLanguage\":\"hr\"},{\"@type\":\"Organization\",\"@id\":\"https:\\\/\\\/hercegovina.edu.ba\\\/hr\\\/#organization\",\"name\":\"Sveu\u010dili\u0161te Hercegovina\",\"url\":\"https:\\\/\\\/hercegovina.edu.ba\\\/hr\\\/\",\"logo\":{\"@type\":\"ImageObject\",\"inLanguage\":\"hr\",\"@id\":\"https:\\\/\\\/hercegovina.edu.ba\\\/hr\\\/#\\\/schema\\\/logo\\\/image\\\/\",\"url\":\"https:\\\/\\\/hercegovina.edu.ba\\\/hr\\\/wp-content\\\/uploads\\\/2025\\\/03\\\/1sveherc.png\",\"contentUrl\":\"https:\\\/\\\/hercegovina.edu.ba\\\/hr\\\/wp-content\\\/uploads\\\/2025\\\/03\\\/1sveherc.png\",\"width\":300,\"height\":100,\"caption\":\"Sveu\u010dili\u0161te Hercegovina\"},\"image\":{\"@id\":\"https:\\\/\\\/hercegovina.edu.ba\\\/hr\\\/#\\\/schema\\\/logo\\\/image\\\/\"}}]}<\/script>\n<!-- \/ Yoast SEO plugin. -->","yoast_head_json":{"title":"E-pla\u0107anje (MONRI) - Sveu\u010dili\u0161te Hercegovina","robots":{"index":"index","follow":"follow","max-snippet":"max-snippet:-1","max-image-preview":"max-image-preview:large","max-video-preview":"max-video-preview:-1"},"canonical":"https:\/\/hercegovina.edu.ba\/hr\/e-placanje-monri\/","og_locale":"hr_HR","og_type":"article","og_title":"E-pla\u0107anje (MONRI) - Sveu\u010dili\u0161te Hercegovina","og_description":"Sveu\u010dili\u0161te Hercegovina &#8211; E-PLA\u0106ANJE ID broj Sveu\u010dili\u0161ta Hercegovina: 4227695370007 Adresa: Blajbur\u0161kih \u017ertava 100, 88000 Mostar, Bosna i Hercegovina Broj Telefona: 036\/ 651-828 Email: info@hercegovina.edu.ba Prihva\u0107amo uplate sljede\u0107ih kartica: \u00a0 Visa MasterCard Maestro Odaberite iznos: \u0160kolarina 10,00&nbsp;KM Dodaj u ko\u0161aricu \u0160kolarina &hellip;","og_url":"https:\/\/hercegovina.edu.ba\/hr\/e-placanje-monri\/","og_site_name":"Sveu\u010dili\u0161te Hercegovina","article_modified_time":"2025-05-02T19:18:51+00:00","og_image":[{"width":1024,"height":300,"url":"https:\/\/hercegovina.edu.ba\/hr\/wp-content\/uploads\/2025\/05\/Monri_Pay.png","type":"image\/png"}],"twitter_card":"summary_large_image","twitter_misc":{"Procijenjeno vrijeme \u010ditanja":"2 minute"},"schema":{"@context":"https:\/\/schema.org","@graph":[{"@type":"WebPage","@id":"https:\/\/hercegovina.edu.ba\/hr\/e-placanje-monri\/","url":"https:\/\/hercegovina.edu.ba\/hr\/e-placanje-monri\/","name":"E-pla\u0107anje (MONRI) - Sveu\u010dili\u0161te Hercegovina","isPartOf":{"@id":"https:\/\/hercegovina.edu.ba\/hr\/#website"},"primaryImageOfPage":{"@id":"https:\/\/hercegovina.edu.ba\/hr\/e-placanje-monri\/#primaryimage"},"image":{"@id":"https:\/\/hercegovina.edu.ba\/hr\/e-placanje-monri\/#primaryimage"},"thumbnailUrl":"https:\/\/hercegovina.edu.ba\/hr\/wp-content\/uploads\/2025\/05\/Monri_Pay.png","datePublished":"2025-05-02T18:44:57+00:00","dateModified":"2025-05-02T19:18:51+00:00","breadcrumb":{"@id":"https:\/\/hercegovina.edu.ba\/hr\/e-placanje-monri\/#breadcrumb"},"inLanguage":"hr","potentialAction":[{"@type":"ReadAction","target":["https:\/\/hercegovina.edu.ba\/hr\/e-placanje-monri\/"]}]},{"@type":"ImageObject","inLanguage":"hr","@id":"https:\/\/hercegovina.edu.ba\/hr\/e-placanje-monri\/#primaryimage","url":"https:\/\/hercegovina.edu.ba\/hr\/wp-content\/uploads\/2025\/05\/Monri_Pay.png","contentUrl":"https:\/\/hercegovina.edu.ba\/hr\/wp-content\/uploads\/2025\/05\/Monri_Pay.png","width":1024,"height":300},{"@type":"BreadcrumbList","@id":"https:\/\/hercegovina.edu.ba\/hr\/e-placanje-monri\/#breadcrumb","itemListElement":[{"@type":"ListItem","position":1,"name":"Po\u010detna stranica","item":"https:\/\/hercegovina.edu.ba\/hr\/"},{"@type":"ListItem","position":2,"name":"E-pla\u0107anje (MONRI)"}]},{"@type":"WebSite","@id":"https:\/\/hercegovina.edu.ba\/hr\/#website","url":"https:\/\/hercegovina.edu.ba\/hr\/","name":"Sveu\u010dili\u0161te Hercegovina","description":"Obrazovanje","publisher":{"@id":"https:\/\/hercegovina.edu.ba\/hr\/#organization"},"potentialAction":[{"@type":"SearchAction","target":{"@type":"EntryPoint","urlTemplate":"https:\/\/hercegovina.edu.ba\/hr\/?s={search_term_string}"},"query-input":{"@type":"PropertyValueSpecification","valueRequired":true,"valueName":"search_term_string"}}],"inLanguage":"hr"},{"@type":"Organization","@id":"https:\/\/hercegovina.edu.ba\/hr\/#organization","name":"Sveu\u010dili\u0161te Hercegovina","url":"https:\/\/hercegovina.edu.ba\/hr\/","logo":{"@type":"ImageObject","inLanguage":"hr","@id":"https:\/\/hercegovina.edu.ba\/hr\/#\/schema\/logo\/image\/","url":"https:\/\/hercegovina.edu.ba\/hr\/wp-content\/uploads\/2025\/03\/1sveherc.png","contentUrl":"https:\/\/hercegovina.edu.ba\/hr\/wp-content\/uploads\/2025\/03\/1sveherc.png","width":300,"height":100,"caption":"Sveu\u010dili\u0161te Hercegovina"},"image":{"@id":"https:\/\/hercegovina.edu.ba\/hr\/#\/schema\/logo\/image\/"}}]}},"jetpack_sharing_enabled":true,"_links":{"self":[{"href":"https:\/\/hercegovina.edu.ba\/hr\/wp-json\/wp\/v2\/pages\/16947","targetHints":{"allow":["GET"]}}],"collection":[{"href":"https:\/\/hercegovina.edu.ba\/hr\/wp-json\/wp\/v2\/pages"}],"about":[{"href":"https:\/\/hercegovina.edu.ba\/hr\/wp-json\/wp\/v2\/types\/page"}],"author":[{"embeddable":true,"href":"https:\/\/hercegovina.edu.ba\/hr\/wp-json\/wp\/v2\/users\/1"}],"replies":[{"embeddable":true,"href":"https:\/\/hercegovina.edu.ba\/hr\/wp-json\/wp\/v2\/comments?post=16947"}],"version-history":[{"count":8,"href":"https:\/\/hercegovina.edu.ba\/hr\/wp-json\/wp\/v2\/pages\/16947\/revisions"}],"predecessor-version":[{"id":16963,"href":"https:\/\/hercegovina.edu.ba\/hr\/wp-json\/wp\/v2\/pages\/16947\/revisions\/16963"}],"wp:attachment":[{"href":"https:\/\/hercegovina.edu.ba\/hr\/wp-json\/wp\/v2\/media?parent=16947"}],"curies":[{"name":"wp","href":"https:\/\/api.w.org\/{rel}","templated":true}]}}