{"id":14674,"date":"2023-12-04T03:07:30","date_gmt":"2023-12-04T03:07:30","guid":{"rendered":"https:\/\/eduma.thimpress.com\/university\/?page_id=14674"},"modified":"2025-12-18T15:13:14","modified_gmt":"2025-12-18T14:13:14","slug":"studiranje","status":"publish","type":"page","link":"https:\/\/hercegovina.edu.ba\/hr\/studiranje\/","title":{"rendered":"Studiranje"},"content":{"rendered":"\t\t<div data-elementor-type=\"wp-page\" data-elementor-id=\"14674\" class=\"elementor elementor-14674\">\n\t\t\t\t<div class=\"elementor-element elementor-element-b92ff4a e-flex e-con-boxed e-con e-parent\" data-id=\"b92ff4a\" data-element_type=\"container\">\n\t\t\t\t\t<div class=\"e-con-inner\">\n\t\t<div class=\"elementor-element elementor-element-096b5e4 e-con-full e-flex e-con e-child\" data-id=\"096b5e4\" data-element_type=\"container\">\n\t\t\t\t<div class=\"elementor-element elementor-element-480062e elementor-widget thim-ekits-heading elementor-widget-thim-heading\" data-id=\"480062e\" data-element_type=\"widget\" data-widget_type=\"thim-heading.default\">\n\t\t\t\t<div class=\"elementor-widget-container\">\n\t\t\t\t\t<div class=\"sc_heading\"><div class=\"sub-heading\"><p>Studirajte na Sveu\u010dili\u0161tu Hercegovina<br \/>\nSveu\u010dili\u0161te Hercegovina s dva fakulteta, dvije lokacije, 13 studijskih programa je prvo privatno akreditirano Sveu\u010dili\u0161te u Hercegovini.<\/p>\n<p>Imate li pitanja o rasponu predmeta, prijemu ili organizaciji studija?<\/p>\n<p>Na ovoj stranici \u0107ete prona\u0107i sve informacije o studiranju na na\u0161em Sveu\u010dili\u0161tu.<\/p>\n<p>Dobrodo\u0161li\u2026<\/p>\n<\/div><\/div>\t\t\t\t<\/div>\n\t\t\t\t<\/div>\n\t\t\t\t<div class=\"elementor-element elementor-element-eea968b iconbox--mobiletext-left iconbox-text-left elementor-widget elementor-widget-thim-icon-box\" data-id=\"eea968b\" data-element_type=\"widget\" data-widget_type=\"thim-icon-box.default\">\n\t\t\t\t<div class=\"elementor-widget-container\">\n\t\t\t\t\t<div class=\"thim-widget-icon-box\"><div class=\"wrapper-box-icon has_custom_image text-left \"><div class=\"smicon-box iconbox-left\"><div class=\"boxes-icon\"><a class=\"icon-box-link\" href=\"https:\/\/hercegovina.edu.ba\/hr\/studijski-programi\" target=\"_blank\" rel=\"nofollow\"><span class=\"inner-icon\"><span class=\"icon icon-images\"><img fetchpriority=\"high\" decoding=\"async\" src=\"https:\/\/hercegovina.edu.ba\/hr\/wp-content\/uploads\/2023\/12\/academic-box-2.jpg\" alt=\"academic-box-2\"  width=\"500\" height=\"333\"><\/span><\/span><\/a><\/div><div class=\"content-inner\"><div class=\"sc-heading\"><h2 class=\"heading__primary\"><a class=\"icon-box-link\" href=\"https:\/\/hercegovina.edu.ba\/hr\/studijski-programi\" target=\"_blank\" rel=\"nofollow\">PREGLED STUDIJSKIH PROGRAMA<\/a><\/h2><\/div><div class=\"desc-icon-box\"><div class=\"desc-content\">Ponekad nije lako izabrati pravi studij u velikoj ponudi na akademskom tr\u017ei\u0161tu, ali mo\u017eemo Vas voditi do kona\u010dne odluke. Za upis na izabrani studij na Sveu\u010dili\u0161tu Hercegovina ne pola\u017ee se prijemni ispit, mo\u017eete izabrati na\u010din studiranja koji vam najvi\u0161e odgovara (redovito, izvanredno ili na daljinu) i ostvariti pravo na stipendiju i druge olak\u0161ice \/ pogodnosti vezane uz pla\u0107anje studija.\n<\/div><a class=\"smicon-read sc-btn\" href=\"https:\/\/hercegovina.edu.ba\/hr\/studijski-programi\" target=\"_blank\" rel=\"nofollow\">Detaljnije... <i class=\"fa fa-chevron-right\"><\/i><\/a><\/div><\/div><\/div><\/div><\/div>\t\t\t\t<\/div>\n\t\t\t\t<\/div>\n\t\t\t\t<div class=\"elementor-element elementor-element-f961949 iconbox-text-left elementor-widget elementor-widget-thim-icon-box\" data-id=\"f961949\" data-element_type=\"widget\" data-widget_type=\"thim-icon-box.default\">\n\t\t\t\t<div class=\"elementor-widget-container\">\n\t\t\t\t\t<div class=\"thim-widget-icon-box\"><div class=\"wrapper-box-icon has_custom_image text-left \"><div class=\"smicon-box iconbox-left\"><div class=\"boxes-icon\"><span class=\"inner-icon\"><span class=\"icon icon-images\"><img decoding=\"async\" src=\"https:\/\/hercegovina.edu.ba\/hr\/wp-content\/uploads\/2023\/12\/about-box3.jpg\" alt=\"about-box3\"  width=\"630\" height=\"410\"><\/span><\/span><\/div><div class=\"content-inner\"><div class=\"sc-heading\"><h2 class=\"heading__primary\">PROCEDURA UPIS<\/h2><\/div><div class=\"desc-icon-box\"><div class=\"desc-content\">Prijava kandidata na jedan ili vi\u0161e studija u pravilu se vr\u0161i dva puta godi\u0161nje, bez obveze polaganja prijemnog ispita. Pravo sudjelovanja na Natje\u010daju, pod jednakim uvjetima, imaju dr\u017eavljani Bosne i Hercegovine i strani dr\u017eavljani. Pristupnici koji nisu zavr\u0161ili \u0161kolovanje u Bosni i Hercegovini, imaju pravo sudjelovati na Natje\u010daju i prije izvr\u0161ene nostrifikacije, odnosno ekvivalencije, ali su du\u017eni dostaviti dokaz o zapo\u010detome procesu priznavanja ili nostrifikacije svjedod\u017ebe ili diplome.<\/div><\/div><\/div><\/div><\/div><\/div>\t\t\t\t<\/div>\n\t\t\t\t<\/div>\n\t\t\t\t<div class=\"elementor-element elementor-element-f5fa4bc iconbox-text-left elementor-widget elementor-widget-thim-icon-box\" data-id=\"f5fa4bc\" data-element_type=\"widget\" data-widget_type=\"thim-icon-box.default\">\n\t\t\t\t<div class=\"elementor-widget-container\">\n\t\t\t\t\t<div class=\"thim-widget-icon-box\"><div class=\"wrapper-box-icon has_custom_image text-left \"><div class=\"smicon-box iconbox-left\"><div class=\"boxes-icon\"><span class=\"inner-icon\"><span class=\"icon icon-images\"><img decoding=\"async\" src=\"https:\/\/hercegovina.edu.ba\/hr\/wp-content\/uploads\/2023\/12\/Faculty-6.png\" alt=\"Faculty 6\"  width=\"970\" height=\"560\"><\/span><\/span><\/div><div class=\"content-inner\"><div class=\"sc-heading\"><h2 class=\"heading__primary\">AKADEMSKO PRIZNAVANJE<\/h2><\/div><div class=\"desc-icon-box\"><div class=\"desc-content\">Postupak akademskoga priznavanja pokre\u0107e kandidat za upis podno\u0161enjem Zahtjeva za priznavanje i prilo\u017eene potrebne dokumentacije (prijepis ocjena, ispisnica, diploma, certifikat\u2026), a postupak priznavanje provodi Ured za me\u0111unarodnu suradnju, ECTS i akademsko priznavanje Sveu\u010dili\u0161ta Hercegovina. Zahtjev s potrebnom dokumentacijom dostavlja se, osobno ili po\u0161tom, na Studentsku slu\u017ebu fakulteta na kojemu kandidat \u017eeli studirati.<\/div><\/div><\/div><\/div><\/div><\/div>\t\t\t\t<\/div>\n\t\t\t\t<\/div>\n\t\t\t\t<div class=\"elementor-element elementor-element-591fee3 iconbox-text-left elementor-widget elementor-widget-thim-icon-box\" data-id=\"591fee3\" data-element_type=\"widget\" data-widget_type=\"thim-icon-box.default\">\n\t\t\t\t<div class=\"elementor-widget-container\">\n\t\t\t\t\t<div class=\"thim-widget-icon-box\"><div class=\"wrapper-box-icon has_custom_image text-left \"><div class=\"smicon-box iconbox-left\"><div class=\"boxes-icon\"><span class=\"inner-icon\"><span class=\"icon icon-images\"><img loading=\"lazy\" decoding=\"async\" src=\"https:\/\/hercegovina.edu.ba\/hr\/wp-content\/uploads\/2023\/12\/academic-box-3.jpg\" alt=\"academic-box-3\"  width=\"500\" height=\"333\"><\/span><\/span><\/div><div class=\"content-inner\"><div class=\"sc-heading\"><h2 class=\"heading__primary\">MOBILNOST STUDENATA<\/h2><\/div><div class=\"desc-icon-box\"><div class=\"desc-content\">Mobilnost studenata podrazumijeva odlazak studenata na inozemnu ustanovu s ciljem ostvarivanja dijela studijskog programa, stru\u010dne prakse ili izrade zavr\u0161nog rada na drugom visokom u\u010dili\u0161tu. Tijekom studija svi studenti imaju pravo ostvariti mobilnost prijavom na natje\u010daj za mobilnost.<\/div><\/div><\/div><\/div><\/div><\/div>\t\t\t\t<\/div>\n\t\t\t\t<\/div>\n\t\t\t\t<\/div>\n\t\t<div class=\"elementor-element elementor-element-96625a2 e-con-full e-flex e-con e-child\" data-id=\"96625a2\" data-element_type=\"container\">\n\t\t\t\t<div class=\"elementor-element elementor-element-e3ce8c4 elementor-widget elementor-widget-thim-ekits-header-info\" data-id=\"e3ce8c4\" data-element_type=\"widget\" data-widget_type=\"thim-ekits-header-info.default\">\n\t\t\t\t<div class=\"elementor-widget-container\">\n\t\t\t\t\t\t\t<div class=\"header-info-swapper\">\n\t\t\t<ul class=\"thim-header-info\">\n\t\t\t\t\t\t\t\t\t\t<li>\n\t\t\t\t\t\t\t\t\t\t\t\t\t\t<a href=\"https:\/\/hercegovina.edu.ba\/hr\/category\/novosti\/\">\n\t\t\t\t\t\t\t\t\t\t\t\t\t\t\t\t\n\t\t\t\t\t\t\t\tNovosti\n\t\t\t\t\t\t\t\t\t\t\t\t\t\t\t<\/a>\n\t\t\t\t\t\t\t\t\t\t\t\t<\/li>\n\t\t\t\t\t\t\t\t\t\t\t\t<li>\n\t\t\t\t\t\t\t\t\t\t\t\t\t\t<a href=\"https:\/\/hercegovina.edu.ba\/dokumenti-i-propisi\">\n\t\t\t\t\t\t\t\t\t\t\t\t\t\t\t\t\n\t\t\t\t\t\t\t\tDokumenti i propisi\n\t\t\t\t\t\t\t\t\t\t\t\t\t\t\t<\/a>\n\t\t\t\t\t\t\t\t\t\t\t\t<\/li>\n\t\t\t\t\t\t\t\t\t\t\t\t<li>\n\t\t\t\t\t\t\t\t\t\t\t\t\t\t<a href=\"https:\/\/euniversity.ba\/\">\n\t\t\t\t\t\t\t\t\t\t\t\t\t\t\t\t\n\t\t\t\t\t\t\t\tInformacijski sustav\n\t\t\t\t\t\t\t\t\t\t\t\t\t\t\t<\/a>\n\t\t\t\t\t\t\t\t\t\t\t\t<\/li>\n\t\t\t\t\t\t\t\t\t\t\t\t<li>\n\t\t\t\t\t\t\t\t\t\t\t\t\t\t<a href=\"https:\/\/hercegovina.edu.ba\/hr\/e-placanje-monri\/\">\n\t\t\t\t\t\t\t\t\t\t\t\t\t\t\t\t\n\t\t\t\t\t\t\t\tE-pla\u0107anje (Monri)\n\t\t\t\t\t\t\t\t\t\t\t\t\t\t\t<\/a>\n\t\t\t\t\t\t\t\t\t\t\t\t<\/li>\n\t\t\t\t\t\t\t\t\t<\/ul>\n\t\t<\/div>\n\t\t\t\t\t\t<\/div>\n\t\t\t\t<\/div>\n\t\t\t\t<\/div>\n\t\t\t\t\t<\/div>\n\t\t\t\t<\/div>\n\t\t\t\t<\/div>\n\t\t","protected":false},"excerpt":{"rendered":"<p>Studirajte na Sveu\u010dili\u0161tu Hercegovina Sveu\u010dili\u0161te Hercegovina s dva fakulteta, dvije lokacije, 13 studijskih programa je prvo privatno akreditirano Sveu\u010dili\u0161te u Hercegovini. Imate li pitanja o rasponu predmeta, prijemu ili organizaciji studija? Na ovoj stranici \u0107ete prona\u0107i sve informacije o studiranju &hellip; <\/p>\n","protected":false},"author":1,"featured_media":0,"parent":0,"menu_order":0,"comment_status":"closed","ping_status":"closed","template":"","meta":{"footnotes":""},"class_list":["post-14674","page","type-page","status-publish","hentry"],"yoast_head":"<!-- This site is optimized with the Yoast SEO plugin v27.3 - https:\/\/yoast.com\/product\/yoast-seo-wordpress\/ -->\n<title>Studiranje - Sveu\u010dili\u0161te Hercegovina<\/title>\n<meta name=\"description\" content=\"Studij i studiranje-Studirajte na Sveu\u010dili\u0161tu Hercegovina! Izaberite svoj studij na jednom od 13 studijskih programa.\" \/>\n<meta name=\"robots\" content=\"index, follow, max-snippet:-1, max-image-preview:large, max-video-preview:-1\" \/>\n<link rel=\"canonical\" href=\"https:\/\/hercegovina.edu.ba\/hr\/studiranje\/\" \/>\n<meta property=\"og:locale\" content=\"hr_HR\" \/>\n<meta property=\"og:type\" content=\"article\" \/>\n<meta property=\"og:title\" content=\"Studiranje - Sveu\u010dili\u0161te Hercegovina\" \/>\n<meta property=\"og:description\" content=\"Studij i studiranje-Studirajte na Sveu\u010dili\u0161tu Hercegovina! Izaberite svoj studij na jednom od 13 studijskih programa.\" \/>\n<meta property=\"og:url\" content=\"https:\/\/hercegovina.edu.ba\/hr\/studiranje\/\" \/>\n<meta property=\"og:site_name\" content=\"Sveu\u010dili\u0161te Hercegovina\" \/>\n<meta property=\"article:modified_time\" content=\"2025-12-18T14:13:14+00:00\" \/>\n<meta property=\"og:image\" content=\"https:\/\/hercegovina.edu.ba\/hr\/wp-content\/uploads\/2023\/12\/academic-box-2.jpg\" \/>\n<meta name=\"twitter:card\" content=\"summary_large_image\" \/>\n<meta name=\"twitter:label1\" content=\"Procijenjeno vrijeme \u010ditanja\" \/>\n\t<meta name=\"twitter:data1\" content=\"3 minute\" \/>\n<script type=\"application\/ld+json\" class=\"yoast-schema-graph\">{\"@context\":\"https:\\\/\\\/schema.org\",\"@graph\":[{\"@type\":\"WebPage\",\"@id\":\"https:\\\/\\\/hercegovina.edu.ba\\\/hr\\\/studiranje\\\/\",\"url\":\"https:\\\/\\\/hercegovina.edu.ba\\\/hr\\\/studiranje\\\/\",\"name\":\"Studiranje - Sveu\u010dili\u0161te Hercegovina\",\"isPartOf\":{\"@id\":\"https:\\\/\\\/hercegovina.edu.ba\\\/hr\\\/#website\"},\"primaryImageOfPage\":{\"@id\":\"https:\\\/\\\/hercegovina.edu.ba\\\/hr\\\/studiranje\\\/#primaryimage\"},\"image\":{\"@id\":\"https:\\\/\\\/hercegovina.edu.ba\\\/hr\\\/studiranje\\\/#primaryimage\"},\"thumbnailUrl\":\"https:\\\/\\\/hercegovina.edu.ba\\\/hr\\\/wp-content\\\/uploads\\\/2023\\\/12\\\/academic-box-2.jpg\",\"datePublished\":\"2023-12-04T03:07:30+00:00\",\"dateModified\":\"2025-12-18T14:13:14+00:00\",\"description\":\"Studij i studiranje-Studirajte na Sveu\u010dili\u0161tu Hercegovina! Izaberite svoj studij na jednom od 13 studijskih programa.\",\"breadcrumb\":{\"@id\":\"https:\\\/\\\/hercegovina.edu.ba\\\/hr\\\/studiranje\\\/#breadcrumb\"},\"inLanguage\":\"hr\",\"potentialAction\":[{\"@type\":\"ReadAction\",\"target\":[\"https:\\\/\\\/hercegovina.edu.ba\\\/hr\\\/studiranje\\\/\"]}]},{\"@type\":\"ImageObject\",\"inLanguage\":\"hr\",\"@id\":\"https:\\\/\\\/hercegovina.edu.ba\\\/hr\\\/studiranje\\\/#primaryimage\",\"url\":\"https:\\\/\\\/hercegovina.edu.ba\\\/hr\\\/wp-content\\\/uploads\\\/2023\\\/12\\\/academic-box-2.jpg\",\"contentUrl\":\"https:\\\/\\\/hercegovina.edu.ba\\\/hr\\\/wp-content\\\/uploads\\\/2023\\\/12\\\/academic-box-2.jpg\",\"width\":500,\"height\":333},{\"@type\":\"BreadcrumbList\",\"@id\":\"https:\\\/\\\/hercegovina.edu.ba\\\/hr\\\/studiranje\\\/#breadcrumb\",\"itemListElement\":[{\"@type\":\"ListItem\",\"position\":1,\"name\":\"Po\u010detna stranica\",\"item\":\"https:\\\/\\\/hercegovina.edu.ba\\\/hr\\\/\"},{\"@type\":\"ListItem\",\"position\":2,\"name\":\"Studiranje\"}]},{\"@type\":\"WebSite\",\"@id\":\"https:\\\/\\\/hercegovina.edu.ba\\\/hr\\\/#website\",\"url\":\"https:\\\/\\\/hercegovina.edu.ba\\\/hr\\\/\",\"name\":\"Sveu\u010dili\u0161te Hercegovina\",\"description\":\"Obrazovanje\",\"publisher\":{\"@id\":\"https:\\\/\\\/hercegovina.edu.ba\\\/hr\\\/#organization\"},\"potentialAction\":[{\"@type\":\"SearchAction\",\"target\":{\"@type\":\"EntryPoint\",\"urlTemplate\":\"https:\\\/\\\/hercegovina.edu.ba\\\/hr\\\/?s={search_term_string}\"},\"query-input\":{\"@type\":\"PropertyValueSpecification\",\"valueRequired\":true,\"valueName\":\"search_term_string\"}}],\"inLanguage\":\"hr\"},{\"@type\":\"Organization\",\"@id\":\"https:\\\/\\\/hercegovina.edu.ba\\\/hr\\\/#organization\",\"name\":\"Sveu\u010dili\u0161te Hercegovina\",\"url\":\"https:\\\/\\\/hercegovina.edu.ba\\\/hr\\\/\",\"logo\":{\"@type\":\"ImageObject\",\"inLanguage\":\"hr\",\"@id\":\"https:\\\/\\\/hercegovina.edu.ba\\\/hr\\\/#\\\/schema\\\/logo\\\/image\\\/\",\"url\":\"https:\\\/\\\/hercegovina.edu.ba\\\/hr\\\/wp-content\\\/uploads\\\/2025\\\/03\\\/1sveherc.png\",\"contentUrl\":\"https:\\\/\\\/hercegovina.edu.ba\\\/hr\\\/wp-content\\\/uploads\\\/2025\\\/03\\\/1sveherc.png\",\"width\":300,\"height\":100,\"caption\":\"Sveu\u010dili\u0161te Hercegovina\"},\"image\":{\"@id\":\"https:\\\/\\\/hercegovina.edu.ba\\\/hr\\\/#\\\/schema\\\/logo\\\/image\\\/\"}}]}<\/script>\n<!-- \/ Yoast SEO plugin. -->","yoast_head_json":{"title":"Studiranje - Sveu\u010dili\u0161te Hercegovina","description":"Studij i studiranje-Studirajte na Sveu\u010dili\u0161tu Hercegovina! Izaberite svoj studij na jednom od 13 studijskih programa.","robots":{"index":"index","follow":"follow","max-snippet":"max-snippet:-1","max-image-preview":"max-image-preview:large","max-video-preview":"max-video-preview:-1"},"canonical":"https:\/\/hercegovina.edu.ba\/hr\/studiranje\/","og_locale":"hr_HR","og_type":"article","og_title":"Studiranje - Sveu\u010dili\u0161te Hercegovina","og_description":"Studij i studiranje-Studirajte na Sveu\u010dili\u0161tu Hercegovina! Izaberite svoj studij na jednom od 13 studijskih programa.","og_url":"https:\/\/hercegovina.edu.ba\/hr\/studiranje\/","og_site_name":"Sveu\u010dili\u0161te Hercegovina","article_modified_time":"2025-12-18T14:13:14+00:00","og_image":[{"url":"https:\/\/hercegovina.edu.ba\/hr\/wp-content\/uploads\/2023\/12\/academic-box-2.jpg","type":"","width":"","height":""}],"twitter_card":"summary_large_image","twitter_misc":{"Procijenjeno vrijeme \u010ditanja":"3 minute"},"schema":{"@context":"https:\/\/schema.org","@graph":[{"@type":"WebPage","@id":"https:\/\/hercegovina.edu.ba\/hr\/studiranje\/","url":"https:\/\/hercegovina.edu.ba\/hr\/studiranje\/","name":"Studiranje - Sveu\u010dili\u0161te Hercegovina","isPartOf":{"@id":"https:\/\/hercegovina.edu.ba\/hr\/#website"},"primaryImageOfPage":{"@id":"https:\/\/hercegovina.edu.ba\/hr\/studiranje\/#primaryimage"},"image":{"@id":"https:\/\/hercegovina.edu.ba\/hr\/studiranje\/#primaryimage"},"thumbnailUrl":"https:\/\/hercegovina.edu.ba\/hr\/wp-content\/uploads\/2023\/12\/academic-box-2.jpg","datePublished":"2023-12-04T03:07:30+00:00","dateModified":"2025-12-18T14:13:14+00:00","description":"Studij i studiranje-Studirajte na Sveu\u010dili\u0161tu Hercegovina! Izaberite svoj studij na jednom od 13 studijskih programa.","breadcrumb":{"@id":"https:\/\/hercegovina.edu.ba\/hr\/studiranje\/#breadcrumb"},"inLanguage":"hr","potentialAction":[{"@type":"ReadAction","target":["https:\/\/hercegovina.edu.ba\/hr\/studiranje\/"]}]},{"@type":"ImageObject","inLanguage":"hr","@id":"https:\/\/hercegovina.edu.ba\/hr\/studiranje\/#primaryimage","url":"https:\/\/hercegovina.edu.ba\/hr\/wp-content\/uploads\/2023\/12\/academic-box-2.jpg","contentUrl":"https:\/\/hercegovina.edu.ba\/hr\/wp-content\/uploads\/2023\/12\/academic-box-2.jpg","width":500,"height":333},{"@type":"BreadcrumbList","@id":"https:\/\/hercegovina.edu.ba\/hr\/studiranje\/#breadcrumb","itemListElement":[{"@type":"ListItem","position":1,"name":"Po\u010detna stranica","item":"https:\/\/hercegovina.edu.ba\/hr\/"},{"@type":"ListItem","position":2,"name":"Studiranje"}]},{"@type":"WebSite","@id":"https:\/\/hercegovina.edu.ba\/hr\/#website","url":"https:\/\/hercegovina.edu.ba\/hr\/","name":"Sveu\u010dili\u0161te Hercegovina","description":"Obrazovanje","publisher":{"@id":"https:\/\/hercegovina.edu.ba\/hr\/#organization"},"potentialAction":[{"@type":"SearchAction","target":{"@type":"EntryPoint","urlTemplate":"https:\/\/hercegovina.edu.ba\/hr\/?s={search_term_string}"},"query-input":{"@type":"PropertyValueSpecification","valueRequired":true,"valueName":"search_term_string"}}],"inLanguage":"hr"},{"@type":"Organization","@id":"https:\/\/hercegovina.edu.ba\/hr\/#organization","name":"Sveu\u010dili\u0161te Hercegovina","url":"https:\/\/hercegovina.edu.ba\/hr\/","logo":{"@type":"ImageObject","inLanguage":"hr","@id":"https:\/\/hercegovina.edu.ba\/hr\/#\/schema\/logo\/image\/","url":"https:\/\/hercegovina.edu.ba\/hr\/wp-content\/uploads\/2025\/03\/1sveherc.png","contentUrl":"https:\/\/hercegovina.edu.ba\/hr\/wp-content\/uploads\/2025\/03\/1sveherc.png","width":300,"height":100,"caption":"Sveu\u010dili\u0161te Hercegovina"},"image":{"@id":"https:\/\/hercegovina.edu.ba\/hr\/#\/schema\/logo\/image\/"}}]}},"jetpack_sharing_enabled":true,"_links":{"self":[{"href":"https:\/\/hercegovina.edu.ba\/hr\/wp-json\/wp\/v2\/pages\/14674","targetHints":{"allow":["GET"]}}],"collection":[{"href":"https:\/\/hercegovina.edu.ba\/hr\/wp-json\/wp\/v2\/pages"}],"about":[{"href":"https:\/\/hercegovina.edu.ba\/hr\/wp-json\/wp\/v2\/types\/page"}],"author":[{"embeddable":true,"href":"https:\/\/hercegovina.edu.ba\/hr\/wp-json\/wp\/v2\/users\/1"}],"replies":[{"embeddable":true,"href":"https:\/\/hercegovina.edu.ba\/hr\/wp-json\/wp\/v2\/comments?post=14674"}],"version-history":[{"count":32,"href":"https:\/\/hercegovina.edu.ba\/hr\/wp-json\/wp\/v2\/pages\/14674\/revisions"}],"predecessor-version":[{"id":17697,"href":"https:\/\/hercegovina.edu.ba\/hr\/wp-json\/wp\/v2\/pages\/14674\/revisions\/17697"}],"wp:attachment":[{"href":"https:\/\/hercegovina.edu.ba\/hr\/wp-json\/wp\/v2\/media?parent=14674"}],"curies":[{"name":"wp","href":"https:\/\/api.w.org\/{rel}","templated":true}]}}