{"id":12522,"date":"2022-10-28T08:04:29","date_gmt":"2022-10-28T08:04:29","guid":{"rendered":"https:\/\/eduma.thimpress.com\/university\/?page_id=12522"},"modified":"2025-12-19T08:10:35","modified_gmt":"2025-12-19T07:10:35","slug":"povijest-sveucilista","status":"publish","type":"page","link":"https:\/\/hercegovina.edu.ba\/hr\/povijest-sveucilista\/","title":{"rendered":"Povijest Sveu\u010dli\u0161ta"},"content":{"rendered":"\t\t<div data-elementor-type=\"wp-page\" data-elementor-id=\"12522\" class=\"elementor elementor-12522\">\n\t\t\t\t<div class=\"elementor-element elementor-element-c4c0303 e-flex e-con-boxed e-con e-parent\" data-id=\"c4c0303\" data-element_type=\"container\">\n\t\t\t\t\t<div class=\"e-con-inner\">\n\t\t<div class=\"elementor-element elementor-element-ac35635 e-flex e-con-boxed e-con e-child\" data-id=\"ac35635\" data-element_type=\"container\" data-settings=\"{&quot;background_background&quot;:&quot;classic&quot;}\">\n\t\t\t\t\t<div class=\"e-con-inner\">\n\t\t\t\t\t<\/div>\n\t\t\t\t<\/div>\n\t\t\t\t\t<\/div>\n\t\t\t\t<\/div>\n\t\t\t\t<section class=\"elementor-section elementor-top-section elementor-element elementor-element-d969223 elementor-section-stretched elementor-section-boxed elementor-section-height-default elementor-section-height-default\" data-id=\"d969223\" data-element_type=\"section\" data-settings=\"{&quot;stretch_section&quot;:&quot;section-stretched&quot;}\">\n\t\t\t\t\t\t<div class=\"elementor-container elementor-column-gap-no\">\n\t\t\t\t\t<div class=\"elementor-column elementor-col-50 elementor-top-column elementor-element elementor-element-b100885\" data-id=\"b100885\" data-element_type=\"column\">\n\t\t\t<div class=\"elementor-widget-wrap elementor-element-populated\">\n\t\t\t\t\t\t<div class=\"elementor-element elementor-element-89516dc elementor-widget thim-ekits-heading elementor-widget-thim-heading\" data-id=\"89516dc\" data-element_type=\"widget\" data-widget_type=\"thim-heading.default\">\n\t\t\t\t<div class=\"elementor-widget-container\">\n\t\t\t\t\t<div class=\"sc_heading\"><h2 class=\"title\">OSNIVANJE I ORGANIZACIJA <\/h2><\/div>\t\t\t\t<\/div>\n\t\t\t\t<\/div>\n\t\t\t\t<div class=\"elementor-element elementor-element-7a8ba14 elementor-widget elementor-widget-text-editor\" data-id=\"7a8ba14\" data-element_type=\"widget\" data-widget_type=\"text-editor.default\">\n\t\t\t\t\t\t\t\t\t<p>Sveu\u010dili\u0161te Hercegovina\u00a0osnovano je 20. srpnja 2010. godine, u Me\u0111ugorju, udru\u017eivanjem triju ve\u0107<br \/>postoje\u0107ih\u00a0 visoko\u0161kolskih ustanova: Fakulteta dru\u0161tvenih znanosti dr. Milenka Brki\u0107a, iz Bijakovi\u0107a,<br \/>Fakulteta za menad\u017ement resursa-CKM, iz Mostara i Fakulteta me\u0111unarodnih odnosa i diplomacije,<br \/>tako\u0111er iz Mostara. Kao osniva\u010dki akt Sveu\u010dili\u0161ta, poslu\u017eio je Ugovor o udru\u017eivanju \u0161to su potpisale<br \/>odgovorne osobe sva tri Fakulteta.<\/p><p>\u00a0\u00a0\u00a0\u00a0\u00a0\u00a0\u00a0\u00a0\u00a0\u00a0\u00a0 Ugovor o udru\u017eivanju u Sveu\u010dili\u0161te odredio je da se sveu\u010dili\u0161te zove: Sveu\u010dili\u0161te\/Univerzitet<br \/>\u201eHercegovina\u201c (na engleskome jeziku \u2018Herzegovina University\u2019). Prvo sjedi\u0161te Sveu\u010dili\u0161ta bilo je u<br \/>Bijakovi\u0107ima, Put za Podbrdo bb, 88266 Me\u0111ugorje, op\u0107ina \u010citluk.<\/p><p>\u00a0\u00a0\u00a0\u00a0\u00a0\u00a0\u00a0\u00a0\u00a0\u00a0\u00a0 Ubrzo nakon potpisivanja, konstituirana su i tijela Sveu\u010dili\u0161ta predvi\u0111ena Ugovorom (rektor,<br \/>Upravno vije\u0107e i Senat), a ve\u0107 je samim ugovorom odre\u0111eno da \u0107e prvi rektor Sveu\u010dili\u0161ta biti prof. dr.<br \/>sc. Milenko Brki\u0107. U studenome 2010. godine usvojen je i Statut Sveu\u010dili\u0161ta. Nadle\u017eno Ministarstvo<br \/>prosvjete, znanosti, kulture i sporta HNK\/\u017d izdalo je 19. svibnja 2011. godine\u00a0Rje\u0161enje o ispunjenosti<br \/>uvjeta za obavljanje djelatnosti visokog obrazovanja,\u00a0 u kojemu je navedeno da Sveu\u010dili\u0161te ispunjava<br \/>uvjete i mo\u017ee obavljati djelatnost visokog obrazovanja sva tri ciklusa iz \u010detiri (4) znanstvena podru\u010dja:<\/p><p>1. prirodnih znanosti,<br \/>2. biotehni\u010dkih znanosti,<br \/>3. humanisti\u010dkih znanosti, i<br \/>4. dru\u0161tvenih znanosti,<br \/>na dvadeset i tri (23) studijska programa.<\/p><p>Razvoj Sveu\u010dili\u0161ta i dinamika unutarnjih odnosa opredijelili su osniva\u010de, odnosno njihove<br \/>predstavnike u Upravnome vije\u0107u Sveu\u010dili\u0161ta, da na sjednici odr\u017eanoj 3. srpnja 2014. godine u<br \/>Mostaru, donesu jednoglasnu Odluku o statusnim promjenama Sveu\u010dili\u0161ta\/Univerziteta \u201eHercegovina\u201c i izdvajanju Fakulteta za menad\u017ement resursa-CKM iz Mostara iz Sveu\u010dili\u0161ta\/Univerziteta \u201eHercegovina\u201c, \u010dime se jedan od tri udru\u017eena fakulteta sporazumno izdvojio i pokrenuo proceduru za samostalan rad, a preostala dva fakulteta \u2013 Fakultet dru\u0161tvenih znanosti dr. Milenka Brki\u0107a, iz Bijakovi\u0107a, i Fakultet me\u0111unarodnih odnosa i diplomacije, iz Mostara, nastavili su \u010diniti Sveu\u010dili\u0161te.<br \/>\u00a0\u00a0\u00a0\u00a0\u00a0\u00a0\u00a0\u00a0\u00a0\u00a0\u00a0 Nakon izdvajanja Fakulteta za menad\u017ement resursa-CKM Mostar, na tijelima Sveu\u010dili\u0161ta<br \/>donesene su potrebne odluke i jo\u0161 jednom je izmijenjen i dopunjen Statut Sveu\u010dili\u0161ta, na sjednici<br \/>Senata, 15. rujna 2014. godine. Na istoj sjednici Senata odlu\u010deno je da se naziv Sveu\u010dili\u0161ta izmijeni, te<br \/>da slu\u017ebeni naziv Sveu\u010dili\u0161ta bude:\u00a0Sveu\u010dili\u0161te Hercegovina\u00a0(na eng. jeziku\u00a0Herzegovina University), a<br \/>za sjedi\u0161te Sveu\u010dili\u0161ta odlu\u010deno je da ostane u Mostaru, ali na novoj adresi: Ul. Blajbur\u0161kih \u017ertava br.<br \/>100, 88000 Mostar. Po\u010detkom akademske 2014\/15. godine Sveu\u010dili\u0161te ulazi u svoju petu godinu rada<br \/>i postojanja, sa znatno oja\u010danom strukturom, pobolj\u0161anim studijskim programima, prilago\u0111enim znanstvenim dostignu\u0107ima, stru\u010dnim i prakti\u010dnim vje\u0161tinama, tr\u017ei\u0161tu rada.<\/p><p>Od tada se stalno razvija organizacijska struktura i kvaliteta rada na Sveu\u010dili\u0161tu Hercegovina.<\/p>\t\t\t\t\t\t\t\t<\/div>\n\t\t\t\t\t<\/div>\n\t\t<\/div>\n\t\t\t\t<div class=\"elementor-column elementor-col-50 elementor-top-column elementor-element elementor-element-481a49c\" data-id=\"481a49c\" data-element_type=\"column\">\n\t\t\t<div class=\"elementor-widget-wrap elementor-element-populated\">\n\t\t\t\t\t\t<section class=\"elementor-section elementor-inner-section elementor-element elementor-element-0142c6a elementor-section-boxed elementor-section-height-default elementor-section-height-default\" data-id=\"0142c6a\" data-element_type=\"section\">\n\t\t\t\t\t\t<div class=\"elementor-container elementor-column-gap-custom\">\n\t\t\t\t\t<div class=\"elementor-column elementor-col-100 elementor-inner-column elementor-element elementor-element-6c3e593\" data-id=\"6c3e593\" data-element_type=\"column\">\n\t\t\t<div class=\"elementor-widget-wrap elementor-element-populated\">\n\t\t\t\t\t\t<div class=\"elementor-element elementor-element-4fc25c9 elementor-widget thim-ekits-heading elementor-widget-thim-heading\" data-id=\"4fc25c9\" data-element_type=\"widget\" data-widget_type=\"thim-heading.default\">\n\t\t\t\t<div class=\"elementor-widget-container\">\n\t\t\t\t\t<div class=\"sc_heading\"><h3 class=\"title\">Social media <\/h3><\/div>\t\t\t\t<\/div>\n\t\t\t\t<\/div>\n\t\t\t\t<div class=\"elementor-element elementor-element-0a7e1d8 elementor-widget elementor-widget-thim-ekits-social\" data-id=\"0a7e1d8\" data-element_type=\"widget\" data-widget_type=\"thim-ekits-social.default\">\n\t\t\t\t<div class=\"elementor-widget-container\">\n\t\t\t\t\t\t\t<div class=\"social-swapper\">\n\t\t\t\n\t\t<ul class=\"thim-social-media\">\n\t\t\t\t\t\t\t\t\t\t\t\t<li class=\"elementor-repeater-item-7b4634e\">\n\t\t\t\t\t\t<a href=\"https:\/\/www.facebook.com\/uniherc\" target=\"_blank\">\n\t\t\t\t\t\t\t\t\t\t\t\t\t\t\t<i aria-hidden=\"true\" class=\"tk tk-face\"><\/i>\t\t\t\t\t\t\t\n\t\t\t\t\t\t\t\n\t\t\t\t\t\t\t\t\t\t\t\t\t<\/a>\n\t\t\t\t\t<\/li>\n\t\t\t\t\t\t\t\t\t\t\t\t\t\t\t\t<li class=\"elementor-repeater-item-0ce3fcf\">\n\t\t\t\t\t\t<a href=\"https:\/\/x.com\/uniherc\" target=\"_blank\">\n\t\t\t\t\t\t\t\t\t\t\t\t\t\t\t<i aria-hidden=\"true\" class=\"tk tk-twitter\"><\/i>\t\t\t\t\t\t\t\n\t\t\t\t\t\t\t\n\t\t\t\t\t\t\t\t\t\t\t\t\t<\/a>\n\t\t\t\t\t<\/li>\n\t\t\t\t\t\t\t\t\t\t\t\t\t\t\t\t<li class=\"elementor-repeater-item-7bed921\">\n\t\t\t\t\t\t<a href=\"https:\/\/instagram.com\/sveuciliste_hercegovina\" target=\"_blank\">\n\t\t\t\t\t\t\t\t\t\t\t\t\t\t\t<i aria-hidden=\"true\" class=\"tk tk-instagram\"><\/i>\t\t\t\t\t\t\t\n\t\t\t\t\t\t\t\n\t\t\t\t\t\t\t\t\t\t\t\t\t<\/a>\n\t\t\t\t\t<\/li>\n\t\t\t\t\t\t\t\t\t<\/ul>\n\t\t\t\t<\/div>\n\t\t\t\t\t\t<\/div>\n\t\t\t\t<\/div>\n\t\t\t\t\t<\/div>\n\t\t<\/div>\n\t\t\t\t\t<\/div>\n\t\t<\/section>\n\t\t\t\t<section class=\"elementor-section elementor-inner-section elementor-element elementor-element-1a5c93b elementor-section-boxed elementor-section-height-default elementor-section-height-default\" data-id=\"1a5c93b\" data-element_type=\"section\">\n\t\t\t\t\t\t<div class=\"elementor-container elementor-column-gap-custom\">\n\t\t\t\t\t<div class=\"elementor-column elementor-col-100 elementor-inner-column elementor-element elementor-element-83eac46\" data-id=\"83eac46\" data-element_type=\"column\">\n\t\t\t<div class=\"elementor-widget-wrap elementor-element-populated\">\n\t\t\t\t\t\t<div class=\"elementor-element elementor-element-e2e522f elementor-widget thim-ekits-heading elementor-widget-thim-heading\" data-id=\"e2e522f\" data-element_type=\"widget\" data-widget_type=\"thim-heading.default\">\n\t\t\t\t<div class=\"elementor-widget-container\">\n\t\t\t\t\t<div class=\"sc_heading\"><h3 class=\"title\">DOGA\u0110ANJA NA SVEU\u010cILI\u0160TU <\/h3><\/div>\t\t\t\t<\/div>\n\t\t\t\t<\/div>\n\t\t\t\t<div class=\"elementor-element elementor-element-6f715f5 elementor-widget elementor-widget-thim-ekits-header-info\" data-id=\"6f715f5\" data-element_type=\"widget\" data-widget_type=\"thim-ekits-header-info.default\">\n\t\t\t\t<div class=\"elementor-widget-container\">\n\t\t\t\t\t\t\t<div class=\"header-info-swapper\">\n\t\t\t<ul class=\"thim-header-info\">\n\t\t\t\t\t\t\t\t\t\t<li>\n\t\t\t\t\t\t\t\t\t\t\t\t\t\t<a href=\"https:\/\/hercegovina.edu.ba\/hr\/category\/novosti\/\" target=\"_blank\">\n\t\t\t\t\t\t\t\t\t\t\t\t\t\t\t\t\n\t\t\t\t\t\t\t\tVijesti i novosti\n\t\t\t\t\t\t\t\t\t\t\t\t\t\t\t<\/a>\n\t\t\t\t\t\t\t\t\t\t\t\t<\/li>\n\t\t\t\t\t\t\t\t\t<\/ul>\n\t\t<\/div>\n\t\t\t\t\t\t<\/div>\n\t\t\t\t<\/div>\n\t\t\t\t\t<\/div>\n\t\t<\/div>\n\t\t\t\t\t<\/div>\n\t\t<\/section>\n\t\t\t\t\t<\/div>\n\t\t<\/div>\n\t\t\t\t\t<\/div>\n\t\t<\/section>\n\t\t\t\t<\/div>\n\t\t","protected":false},"excerpt":{"rendered":"<p>OSNIVANJE I ORGANIZACIJA Sveu\u010dili\u0161te Hercegovina\u00a0osnovano je 20. srpnja 2010. godine, u Me\u0111ugorju, udru\u017eivanjem triju ve\u0107postoje\u0107ih\u00a0 visoko\u0161kolskih ustanova: Fakulteta dru\u0161tvenih znanosti dr. Milenka Brki\u0107a, iz Bijakovi\u0107a,Fakulteta za menad\u017ement resursa-CKM, iz Mostara i Fakulteta me\u0111unarodnih odnosa i diplomacije,tako\u0111er iz Mostara. Kao osniva\u010dki &hellip; <\/p>\n","protected":false},"author":1,"featured_media":0,"parent":0,"menu_order":0,"comment_status":"closed","ping_status":"closed","template":"","meta":{"footnotes":""},"class_list":["post-12522","page","type-page","status-publish","hentry"],"yoast_head":"<!-- This site is optimized with the Yoast SEO plugin v27.3 - https:\/\/yoast.com\/product\/yoast-seo-wordpress\/ -->\n<title>Povijest Sveu\u010dli\u0161ta - Sveu\u010dili\u0161te Hercegovina<\/title>\n<meta name=\"description\" content=\"Sveu\u010dili\u0161te Hercegovina osnovano je 2010. godine, udru\u017eivanjem tri fakulteta. 2011. godine dobilo je rje\u0161enje od nadle\u017enog Ministarstva...\" \/>\n<meta name=\"robots\" content=\"index, follow, max-snippet:-1, max-image-preview:large, max-video-preview:-1\" \/>\n<link rel=\"canonical\" href=\"https:\/\/hercegovina.edu.ba\/hr\/povijest-sveucilista\/\" \/>\n<meta property=\"og:locale\" content=\"hr_HR\" \/>\n<meta property=\"og:type\" content=\"article\" \/>\n<meta property=\"og:title\" content=\"Povijest Sveu\u010dli\u0161ta - Sveu\u010dili\u0161te Hercegovina\" \/>\n<meta property=\"og:description\" content=\"Sveu\u010dili\u0161te Hercegovina osnovano je 2010. godine, udru\u017eivanjem tri fakulteta. 2011. godine dobilo je rje\u0161enje od nadle\u017enog Ministarstva...\" \/>\n<meta property=\"og:url\" content=\"https:\/\/hercegovina.edu.ba\/hr\/povijest-sveucilista\/\" \/>\n<meta property=\"og:site_name\" content=\"Sveu\u010dili\u0161te Hercegovina\" \/>\n<meta property=\"article:modified_time\" content=\"2025-12-19T07:10:35+00:00\" \/>\n<meta name=\"twitter:card\" content=\"summary_large_image\" \/>\n<meta name=\"twitter:label1\" content=\"Procijenjeno vrijeme \u010ditanja\" \/>\n\t<meta name=\"twitter:data1\" content=\"1 minuta\" \/>\n<script type=\"application\/ld+json\" class=\"yoast-schema-graph\">{\"@context\":\"https:\\\/\\\/schema.org\",\"@graph\":[{\"@type\":\"WebPage\",\"@id\":\"https:\\\/\\\/hercegovina.edu.ba\\\/hr\\\/povijest-sveucilista\\\/\",\"url\":\"https:\\\/\\\/hercegovina.edu.ba\\\/hr\\\/povijest-sveucilista\\\/\",\"name\":\"Povijest Sveu\u010dli\u0161ta - Sveu\u010dili\u0161te Hercegovina\",\"isPartOf\":{\"@id\":\"https:\\\/\\\/hercegovina.edu.ba\\\/hr\\\/#website\"},\"datePublished\":\"2022-10-28T08:04:29+00:00\",\"dateModified\":\"2025-12-19T07:10:35+00:00\",\"description\":\"Sveu\u010dili\u0161te Hercegovina osnovano je 2010. godine, udru\u017eivanjem tri fakulteta. 2011. godine dobilo je rje\u0161enje od nadle\u017enog Ministarstva...\",\"breadcrumb\":{\"@id\":\"https:\\\/\\\/hercegovina.edu.ba\\\/hr\\\/povijest-sveucilista\\\/#breadcrumb\"},\"inLanguage\":\"hr\",\"potentialAction\":[{\"@type\":\"ReadAction\",\"target\":[\"https:\\\/\\\/hercegovina.edu.ba\\\/hr\\\/povijest-sveucilista\\\/\"]}]},{\"@type\":\"BreadcrumbList\",\"@id\":\"https:\\\/\\\/hercegovina.edu.ba\\\/hr\\\/povijest-sveucilista\\\/#breadcrumb\",\"itemListElement\":[{\"@type\":\"ListItem\",\"position\":1,\"name\":\"Po\u010detna stranica\",\"item\":\"https:\\\/\\\/hercegovina.edu.ba\\\/hr\\\/\"},{\"@type\":\"ListItem\",\"position\":2,\"name\":\"Povijest Sveu\u010dli\u0161ta\"}]},{\"@type\":\"WebSite\",\"@id\":\"https:\\\/\\\/hercegovina.edu.ba\\\/hr\\\/#website\",\"url\":\"https:\\\/\\\/hercegovina.edu.ba\\\/hr\\\/\",\"name\":\"Sveu\u010dili\u0161te Hercegovina\",\"description\":\"Obrazovanje\",\"publisher\":{\"@id\":\"https:\\\/\\\/hercegovina.edu.ba\\\/hr\\\/#organization\"},\"potentialAction\":[{\"@type\":\"SearchAction\",\"target\":{\"@type\":\"EntryPoint\",\"urlTemplate\":\"https:\\\/\\\/hercegovina.edu.ba\\\/hr\\\/?s={search_term_string}\"},\"query-input\":{\"@type\":\"PropertyValueSpecification\",\"valueRequired\":true,\"valueName\":\"search_term_string\"}}],\"inLanguage\":\"hr\"},{\"@type\":\"Organization\",\"@id\":\"https:\\\/\\\/hercegovina.edu.ba\\\/hr\\\/#organization\",\"name\":\"Sveu\u010dili\u0161te Hercegovina\",\"url\":\"https:\\\/\\\/hercegovina.edu.ba\\\/hr\\\/\",\"logo\":{\"@type\":\"ImageObject\",\"inLanguage\":\"hr\",\"@id\":\"https:\\\/\\\/hercegovina.edu.ba\\\/hr\\\/#\\\/schema\\\/logo\\\/image\\\/\",\"url\":\"https:\\\/\\\/hercegovina.edu.ba\\\/hr\\\/wp-content\\\/uploads\\\/2025\\\/03\\\/1sveherc.png\",\"contentUrl\":\"https:\\\/\\\/hercegovina.edu.ba\\\/hr\\\/wp-content\\\/uploads\\\/2025\\\/03\\\/1sveherc.png\",\"width\":300,\"height\":100,\"caption\":\"Sveu\u010dili\u0161te Hercegovina\"},\"image\":{\"@id\":\"https:\\\/\\\/hercegovina.edu.ba\\\/hr\\\/#\\\/schema\\\/logo\\\/image\\\/\"}}]}<\/script>\n<!-- \/ Yoast SEO plugin. -->","yoast_head_json":{"title":"Povijest Sveu\u010dli\u0161ta - Sveu\u010dili\u0161te Hercegovina","description":"Sveu\u010dili\u0161te Hercegovina osnovano je 2010. godine, udru\u017eivanjem tri fakulteta. 2011. godine dobilo je rje\u0161enje od nadle\u017enog Ministarstva...","robots":{"index":"index","follow":"follow","max-snippet":"max-snippet:-1","max-image-preview":"max-image-preview:large","max-video-preview":"max-video-preview:-1"},"canonical":"https:\/\/hercegovina.edu.ba\/hr\/povijest-sveucilista\/","og_locale":"hr_HR","og_type":"article","og_title":"Povijest Sveu\u010dli\u0161ta - Sveu\u010dili\u0161te Hercegovina","og_description":"Sveu\u010dili\u0161te Hercegovina osnovano je 2010. godine, udru\u017eivanjem tri fakulteta. 2011. godine dobilo je rje\u0161enje od nadle\u017enog Ministarstva...","og_url":"https:\/\/hercegovina.edu.ba\/hr\/povijest-sveucilista\/","og_site_name":"Sveu\u010dili\u0161te Hercegovina","article_modified_time":"2025-12-19T07:10:35+00:00","twitter_card":"summary_large_image","twitter_misc":{"Procijenjeno vrijeme \u010ditanja":"1 minuta"},"schema":{"@context":"https:\/\/schema.org","@graph":[{"@type":"WebPage","@id":"https:\/\/hercegovina.edu.ba\/hr\/povijest-sveucilista\/","url":"https:\/\/hercegovina.edu.ba\/hr\/povijest-sveucilista\/","name":"Povijest Sveu\u010dli\u0161ta - Sveu\u010dili\u0161te Hercegovina","isPartOf":{"@id":"https:\/\/hercegovina.edu.ba\/hr\/#website"},"datePublished":"2022-10-28T08:04:29+00:00","dateModified":"2025-12-19T07:10:35+00:00","description":"Sveu\u010dili\u0161te Hercegovina osnovano je 2010. godine, udru\u017eivanjem tri fakulteta. 2011. godine dobilo je rje\u0161enje od nadle\u017enog Ministarstva...","breadcrumb":{"@id":"https:\/\/hercegovina.edu.ba\/hr\/povijest-sveucilista\/#breadcrumb"},"inLanguage":"hr","potentialAction":[{"@type":"ReadAction","target":["https:\/\/hercegovina.edu.ba\/hr\/povijest-sveucilista\/"]}]},{"@type":"BreadcrumbList","@id":"https:\/\/hercegovina.edu.ba\/hr\/povijest-sveucilista\/#breadcrumb","itemListElement":[{"@type":"ListItem","position":1,"name":"Po\u010detna stranica","item":"https:\/\/hercegovina.edu.ba\/hr\/"},{"@type":"ListItem","position":2,"name":"Povijest Sveu\u010dli\u0161ta"}]},{"@type":"WebSite","@id":"https:\/\/hercegovina.edu.ba\/hr\/#website","url":"https:\/\/hercegovina.edu.ba\/hr\/","name":"Sveu\u010dili\u0161te Hercegovina","description":"Obrazovanje","publisher":{"@id":"https:\/\/hercegovina.edu.ba\/hr\/#organization"},"potentialAction":[{"@type":"SearchAction","target":{"@type":"EntryPoint","urlTemplate":"https:\/\/hercegovina.edu.ba\/hr\/?s={search_term_string}"},"query-input":{"@type":"PropertyValueSpecification","valueRequired":true,"valueName":"search_term_string"}}],"inLanguage":"hr"},{"@type":"Organization","@id":"https:\/\/hercegovina.edu.ba\/hr\/#organization","name":"Sveu\u010dili\u0161te Hercegovina","url":"https:\/\/hercegovina.edu.ba\/hr\/","logo":{"@type":"ImageObject","inLanguage":"hr","@id":"https:\/\/hercegovina.edu.ba\/hr\/#\/schema\/logo\/image\/","url":"https:\/\/hercegovina.edu.ba\/hr\/wp-content\/uploads\/2025\/03\/1sveherc.png","contentUrl":"https:\/\/hercegovina.edu.ba\/hr\/wp-content\/uploads\/2025\/03\/1sveherc.png","width":300,"height":100,"caption":"Sveu\u010dili\u0161te Hercegovina"},"image":{"@id":"https:\/\/hercegovina.edu.ba\/hr\/#\/schema\/logo\/image\/"}}]}},"jetpack_sharing_enabled":true,"_links":{"self":[{"href":"https:\/\/hercegovina.edu.ba\/hr\/wp-json\/wp\/v2\/pages\/12522","targetHints":{"allow":["GET"]}}],"collection":[{"href":"https:\/\/hercegovina.edu.ba\/hr\/wp-json\/wp\/v2\/pages"}],"about":[{"href":"https:\/\/hercegovina.edu.ba\/hr\/wp-json\/wp\/v2\/types\/page"}],"author":[{"embeddable":true,"href":"https:\/\/hercegovina.edu.ba\/hr\/wp-json\/wp\/v2\/users\/1"}],"replies":[{"embeddable":true,"href":"https:\/\/hercegovina.edu.ba\/hr\/wp-json\/wp\/v2\/comments?post=12522"}],"version-history":[{"count":16,"href":"https:\/\/hercegovina.edu.ba\/hr\/wp-json\/wp\/v2\/pages\/12522\/revisions"}],"predecessor-version":[{"id":17719,"href":"https:\/\/hercegovina.edu.ba\/hr\/wp-json\/wp\/v2\/pages\/12522\/revisions\/17719"}],"wp:attachment":[{"href":"https:\/\/hercegovina.edu.ba\/hr\/wp-json\/wp\/v2\/media?parent=12522"}],"curies":[{"name":"wp","href":"https:\/\/api.w.org\/{rel}","templated":true}]}}